{"id":1776,"date":"2023-04-12T10:28:13","date_gmt":"2023-04-12T08:28:13","guid":{"rendered":"\/?page_id=1776"},"modified":"2025-10-31T11:07:47","modified_gmt":"2025-10-31T10:07:47","slug":"politique-cookies","status":"publish","type":"page","link":"https:\/\/www.movinon.eu\/en\/politique-cookies\/","title":{"rendered":"Politique cookies"},"content":{"rendered":"<h2 class=\"wp-block-heading\" id=\"h-1-qu-est-ce-qu-un-cookie\">1. Qu&#8217;est-ce qu&#8217;un cookie ? <\/h2>\n\n\n\n<p>Un cookie est un fichier texte ou un \u00e9l\u00e9ment logiciel qui enregistre des informations relatives \u00e0 la navigation de votre terminal sur Internet. Il est sous le contr\u00f4le de votre navigateur, et porte parfois un num\u00e9ro unique et al\u00e9atoire. Vous pouvez le lire, le d\u00e9truire, ou le modifier.<\/p>\n\n\n\n<h2 class=\"wp-block-heading\" id=\"h-2-pourquoi-movin-on-utilise-des-cookies\">2. Pourquoi Movin&#8217;On utilise des cookies ?<\/h2>\n\n\n\n<p>Movin&#8217;On est toujours \u00e0 la recherche de nouveaux moyens pour am\u00e9liorer son ou ses&nbsp; sites Internet et vous offrir un meilleur service. Ainsi Movin&#8217;On utilise diff\u00e9rents types de cookies comme indiqu\u00e9 ci-apr\u00e8s dont certains peuvent n\u00e9cessiter le consentement pr\u00e9alable de l\u2019internaute (cookies de type publicitaire) avant que le cookie ne soit install\u00e9 sur son terminal.<\/p>\n\n\n\n<h2 class=\"wp-block-heading\" id=\"h-3-comment-movin-on-vous-informe-sur-les-cookies-qu-elle-utilise\">3. Comment Movin&#8217;On vous informe sur les cookies qu&#8217;elle utilise ?<\/h2>\n\n\n\n<p>Lorsque vous arrivez pour la premi\u00e8re fois sur&nbsp;le site Internet movinon.eu, le lien &#8220;en savoir plus&#8221; sur le bandeau d\u2019accueil renvoie sur cette page qui vous donne toutes informations sur les cookies qui sont utilis\u00e9s sur ce site.<\/p>\n\n\n\n<p>Dans tous les cas, vous avez le contr\u00f4le de ces cookies. Vous avez la possibilit\u00e9 de les refuser, de les d\u00e9truire, et de les param\u00e9trer.<\/p>\n\n\n\n<h2 class=\"wp-block-heading\" id=\"h-4-comment-refuser-et-ou-desinstaller-des-cookies\">4. Comment refuser et\/ou d\u00e9sinstaller des cookies ? <\/h2>\n\n\n\n<p>Vous pouvez d\u00e9sinstaller ou supprimer ces cookies selon les m\u00e9thodes suivantes :<\/p>\n\n\n\n<h3 class=\"wp-block-heading\">Google Chrome (ordinateur et mobile)<\/h3>\n\n\n\n<p><strong>Sur ordinateur :<\/strong><\/p>\n\n\n\n<ol class=\"wp-block-list\">\n<li>Ouvrez le menu principal en cliquant sur les trois points verticaux situ\u00e9s en haut \u00e0 droite de la fen\u00eatre.<\/li>\n\n\n\n<li>S\u00e9lectionnez <strong>Param\u00e8tres<\/strong>, puis <strong>Confidentialit\u00e9 et s\u00e9curit\u00e9<\/strong>.<\/li>\n\n\n\n<li>Cliquez sur <strong>Effacer les donn\u00e9es de navigation<\/strong>.<\/li>\n\n\n\n<li>Choisissez la p\u00e9riode souhait\u00e9e (<em>par exemple : \u201cDepuis le d\u00e9but\u201d<\/em>).<\/li>\n\n\n\n<li>Cochez la case <strong>Cookies et autres donn\u00e9es de site<\/strong>, puis validez en cliquant sur <strong>Effacer les donn\u00e9es<\/strong>.<\/li>\n<\/ol>\n\n\n\n<p><strong>Sur mobile (Android \/ iOS) :<\/strong><\/p>\n\n\n\n<ol class=\"wp-block-list\">\n<li>Ouvrez l\u2019application <strong>Chrome<\/strong>, puis le menu \u22ee.<\/li>\n\n\n\n<li>S\u00e9lectionnez <strong>Historique<\/strong>, puis <strong>Effacer les donn\u00e9es de navigation<\/strong>.<\/li>\n\n\n\n<li>Cochez <strong>Cookies et donn\u00e9es de site<\/strong>, puis confirmez la suppression.<\/li>\n<\/ol>\n\n\n\n<p>Pour plus d\u2019informations, consultez la page d\u2019aide officielle de Google :<br><a>https:\/\/support.google.com\/chrome\/answer\/95647<\/a><\/p>\n\n\n\n<p><\/p>\n\n\n\n<h3 class=\"wp-block-heading\">Mozilla Firefox<\/h3>\n\n\n\n<p><strong>Sur ordinateur :<\/strong><\/p>\n\n\n\n<ol class=\"wp-block-list\">\n<li>Cliquez sur le menu principal (trois barres horizontales) en haut \u00e0 droite, puis sur <strong>Param\u00e8tres<\/strong>.<\/li>\n\n\n\n<li>S\u00e9lectionnez l\u2019onglet <strong>Vie priv\u00e9e et s\u00e9curit\u00e9<\/strong>.<\/li>\n\n\n\n<li>Dans la section <strong>Cookies et donn\u00e9es de site<\/strong>, cliquez sur <strong>Effacer les donn\u00e9es<\/strong>.<\/li>\n\n\n\n<li>Cochez <strong>Cookies et donn\u00e9es de site<\/strong>, puis cliquez sur <strong>Effacer<\/strong> pour confirmer.<\/li>\n<\/ol>\n\n\n\n<p>Vous pouvez \u00e9galement supprimer les cookies d\u2019un site sp\u00e9cifique via <strong>G\u00e9rer les donn\u00e9es<\/strong>.<\/p>\n\n\n\n<p><strong>Sur mobile :<\/strong><\/p>\n\n\n\n<ol class=\"wp-block-list\">\n<li>Ouvrez le menu \u2261, puis <strong>Param\u00e8tres<\/strong> \u2192 <strong>Effacer les donn\u00e9es priv\u00e9es<\/strong>.<\/li>\n\n\n\n<li>S\u00e9lectionnez <strong>Cookies<\/strong> et validez.<\/li>\n<\/ol>\n\n\n\n<p>Page d\u2019aide officielle :<br><a href=\"https:\/\/support.mozilla.org\/fr\/kb\/effacer-cookies-donnees-site-firefox\">https:\/\/support.mozilla.org\/fr\/kb\/effacer-cookies-donnees-site-firefox<\/a><\/p>\n\n\n\n<p><\/p>\n\n\n\n<h3 class=\"wp-block-heading\">Microsoft Edge<\/h3>\n\n\n\n<ol class=\"wp-block-list\">\n<li>Cliquez sur le menu (trois points horizontaux) en haut \u00e0 droite, puis s\u00e9lectionnez <strong>Param\u00e8tres<\/strong>.<\/li>\n\n\n\n<li>Choisissez <strong>Confidentialit\u00e9, recherche et services<\/strong>.<\/li>\n\n\n\n<li>Sous la section <strong>Effacer les donn\u00e9es de navigation<\/strong>, cliquez sur <strong>Choisir ce qu\u2019il faut effacer<\/strong>.<\/li>\n\n\n\n<li>S\u00e9lectionnez la p\u00e9riode souhait\u00e9e, cochez <strong>Cookies et autres donn\u00e9es de site<\/strong>, puis cliquez sur <strong>Effacer maintenant<\/strong>.<\/li>\n<\/ol>\n\n\n\n<p>Pour plus d\u2019informations :<br><a>https:\/\/support.microsoft.com\/fr-fr\/windows\/effacer-les-cookies-dans-microsoft-edge-63947406-40ac-c3b8-57b9-2a946a29ae09<\/a><\/p>\n\n\n\n<p><\/p>\n\n\n\n<h3 class=\"wp-block-heading\">Safari (macOS)<\/h3>\n\n\n\n<ol class=\"wp-block-list\">\n<li>Dans le menu <strong>Safari<\/strong>, s\u00e9lectionnez <strong>R\u00e9glages<\/strong> (ou <strong>Pr\u00e9f\u00e9rences<\/strong>) \u2192 <strong>Confidentialit\u00e9<\/strong>.<\/li>\n\n\n\n<li>Cliquez sur <strong>G\u00e9rer les donn\u00e9es du site web<\/strong>.<\/li>\n\n\n\n<li>Pour supprimer toutes les donn\u00e9es, cliquez sur <strong>Supprimer tout<\/strong>, ou supprimez uniquement celles des sites s\u00e9lectionn\u00e9s.<\/li>\n<\/ol>\n\n\n\n<p>Vous pouvez \u00e9galement aller dans le menu <strong>Historique<\/strong> \u2192 <strong>Effacer l\u2019historique<\/strong> pour supprimer l\u2019ensemble des cookies et de la navigation.<\/p>\n\n\n\n<p>Page d\u2019aide officielle :<br><a>https:\/\/support.apple.com\/fr-fr\/guide\/safari\/sfri11471\/mac<\/a><\/p>\n\n\n\n<p><\/p>\n\n\n\n<h3 class=\"wp-block-heading\">Safari (iPhone \/ iPad)<\/h3>\n\n\n\n<ol class=\"wp-block-list\">\n<li>Ouvrez l\u2019application <strong>R\u00e9glages<\/strong>.<\/li>\n\n\n\n<li>S\u00e9lectionnez <strong>Safari<\/strong>, puis <strong>Avanc\u00e9<\/strong> \u2192 <strong>Donn\u00e9es des sites web<\/strong>.<\/li>\n\n\n\n<li>Touchez <strong>Supprimer toutes les donn\u00e9es des sites web<\/strong> pour effacer l\u2019ensemble des cookies, ou supprimez-les un par un.<\/li>\n<\/ol>\n\n\n\n<p>Autre possibilit\u00e9 : dans <strong>R\u00e9glages &gt; Safari<\/strong>, choisissez <strong>Effacer l\u2019historique et les donn\u00e9es de sites<\/strong> pour une suppression globale.<\/p>\n\n\n\n<p>Aide officielle :<br><a href=\"https:\/\/support.apple.com\/fr-fr\/HT201265\">https:\/\/support.apple.com\/fr-fr\/HT201265<\/a><\/p>\n\n\n\n<h2 class=\"wp-block-heading\">Autres navigateurs<\/h2>\n\n\n\n<p>Pour tout autre navigateur (Opera, Brave, Samsung Internet, etc.), vous pouvez consulter la section \u00ab Aide \u00bb ou \u00ab Param\u00e8tres \u00bb du navigateur, ou vous rendre sur le site <a href=\"https:\/\/www.aboutcookies.org\">https:\/\/www.aboutcookies.org<\/a> pour des instructions d\u00e9taill\u00e9es et actualis\u00e9es.<\/p>\n\n\n\n<p><\/p>\n\n\n\n<p>La d\u00e9sinstallation ou le blocage des cookies utilis\u00e9s sur les sites Internet de Movin&#8217;On peut affecter voire emp\u00eacher votre utilisation de ces sites.<\/p>\n\n\n\n<p><\/p>\n\n\n\n<p>Par ailleurs, vous pouvez param\u00e9trer votre navigateur Internet aux fins de bloquer ou de recevoir un avertissement pour toute installation de cookie. Les \u00e9tapes \u00e0 suivre diff\u00e8rent selon chaque navigateur, mais vous pouvez trouver des instructions dans le menu \u00ab\u00a0Aide\u00a0\u00bb de ce dernier. Le param\u00e9trage du navigateur peut \u00eatre r\u00e9alis\u00e9 ind\u00e9pendamment sur chacun des terminaux que vous utilisez pour acc\u00e9der aux sites Internet de Movin&#8217;On.<\/p>\n\n\n\n<h2 class=\"wp-block-heading\" id=\"h-5-quels-types-de-cookies-sont-utilises-par-movin-on\">5. Quels types de cookies sont utilis\u00e9s par Movin&#8217;On ?<\/h2>\n\n\n\n<p>Les cookies peuvent \u00eatre transitoires, et ne durer que le temps de la session de votre navigation sur le site Internet, ou bien permanents, i.e. d\u2019une dur\u00e9e de vie plus longue selon la dur\u00e9e de vie qui lui est attribu\u00e9e et les param\u00e8tres de votre navigateur Internet. Il existe de nombreux types de cookies diff\u00e9rents, que l\u2019on peut regrouper en quatre groupes d\u00e9finis ci-apr\u00e8s.<\/p>\n\n\n\n<ul class=\"wp-block-list\">\n<li><em>Cookies strictement n\u00e9cessaires<\/em><\/li>\n<\/ul>\n\n\n\n<p>Les cookies strictement n\u00e9cessaires \u00e0 la fourniture d\u2019un service de communication en ligne par voie \u00e9lectronique sont indispensables au bon fonctionnement du site Internet. Leur d\u00e9sactivation entra\u00eene des difficult\u00e9s importantes dans l\u2019utilisation du site, voir l\u2019impossibilit\u00e9 de recourir aux services qu\u2019il propose. Ces cookies ne conservent pas d\u2019informations sur vous une fois que vous quittez le site. Ils permettent par exemple d\u2019identifier les terminaux pour acheminer la communication, de num\u00e9roter les \u00ab&nbsp;paquets&nbsp;\u00bb de donn\u00e9es pour les acheminer dans l\u2019ordre voulu, de d\u00e9tecter les erreurs de transmission ou les pertes de donn\u00e9es.<\/p>\n\n\n\n<ul class=\"wp-block-list\">\n<li><em>Cookies fonctionnels<\/em><\/li>\n<\/ul>\n\n\n\n<p>Les cookies fonctionnels sont strictement n\u00e9cessaires \u00e0 la fourniture d\u2019un service de communication en ligne \u00e0 la demande expresse de l\u2019utilisateur.&nbsp;Ils fournissent une fonctionnalit\u00e9 sp\u00e9cifique \u00e0 l\u2019utilisateur. Si ces cookies sont d\u00e9sinstall\u00e9s, la fourniture du service sera rendue impossible. Les cookies fonctionnels peuvent collecter des donn\u00e9es \u00e0 caract\u00e8re personnel. Ces informations peuvent \u00eatre conserv\u00e9es au-del\u00e0 de votre navigation sur le site Internet pour certains cookies, et peuvent \u00eatre transmises \u00e0 des partenaires, uniquement aux fins de la fourniture de prestations n\u00e9cessaires aux services. Ce sont par exemple, les cookies qui enregistrent les pr\u00e9f\u00e9rences de l\u2019utilisateur telles que la langue, les cookies de \u00ab&nbsp;session utilisateur&nbsp;\u00bb (qui permettent d\u2019identifier l\u2019utilisateur lorsqu\u2019il navigue sur plusieurs pages et qui conservent les donn\u00e9es seulement pendant la dur\u00e9e de la session de navigation), ou encore les cookies utilis\u00e9s comme \u00ab&nbsp;panier d\u2019achat&nbsp;\u00bb.<\/p>\n\n\n\n<ul class=\"wp-block-list\">\n<li><em>Cookies de mesure d\u2019audience<\/em><\/li>\n<\/ul>\n\n\n\n<p>Les cookies de mesure d\u2019audience permettent de reconna\u00eetre les visiteurs au cours de leurs diff\u00e9rentes visites. Ces cookies ne stockent qu&#8217;un &#8220;identifiant&#8221; internaute (propre \u00e0 chaque cookie) et ne sont en aucun cas utilis\u00e9s pour recueillir des informations nominatives sur les visiteurs.\u00a0 Ils enregistrent les pages visit\u00e9es, le temps de visite et les messages d\u2019erreur, permettant d\u2019am\u00e9liorer la performance des sites Internet de Movin&#8217;On.<\/p>\n\n\n\n<p>Les cookies de mesure d\u2019audience peuvent \u00eatre install\u00e9s et g\u00e9r\u00e9s par des partenaires, mais Movin&#8217;On limite leur utilisation aux fins de l\u2019analyse statistique demand\u00e9e.<\/p>\n\n\n\n<ul class=\"wp-block-list\">\n<li><em>Cookies li\u00e9s aux op\u00e9rations relatives \u00e0 la publicit\u00e9 cibl\u00e9e et traceurs de r\u00e9seaux sociaux g\u00e9n\u00e9r\u00e9s par les boutons de partage de r\u00e9seaux sociaux<\/em><\/li>\n<\/ul>\n\n\n\n<p>Les cookies de ciblage et de tra\u00e7abilit\u00e9 permettent \u00e0 des personnes tierces de fournir des services, principalement publicitaires, et d\u2019am\u00e9liorer leur efficacit\u00e9. Ces cookies peuvent retenir les pages et les sites Internet que vous visitez, et peuvent collecter des donn\u00e9es \u00e0 caract\u00e8re personnel, principalement l\u2019adresse IP du terminal utilis\u00e9 par l\u2019internaute. Les informations recueillies peuvent \u00eatre partag\u00e9es avec des tiers.<\/p>\n\n\n\n<p>Il s\u2019agit, par exemple, des cookies qui permettent aux r\u00e9gies publicitaires de proposer des publicit\u00e9s adapt\u00e9es \u00e0 vos centres d\u2019int\u00e9r\u00eat selon votre navigation sur les sites Internet de Movin&#8217;On, ou qui en limitent la r\u00e9p\u00e9tition. Ces cookies n\u00e9cessitent votre autorisation. Dans un tel cas, un bandeau apparent apparaitra sur cette page du site pour vous demander votre consentement \u00e0 l\u2019installation de ces cookies.<\/p>\n\n\n\n<p>Movin&#8217;On et des fournisseurs tiers, dont Google, utilisent conjointement des cookies propri\u00e9taires et des cookies tiers pour obtenir des informations, optimiser et diffuser des annonces en fonction des visites effectu\u00e9es sur le site. Movin&#8217;On et ces fournisseurs utilisent \u00e9galement ces deux types de cookies pour d\u00e9terminer le rapport entre les visites enregistr\u00e9es sur le site et les impressions des annonces, les autres utilisations de services publicitaires et les interactions avec ces impressions d\u2019annonces et ces services publicitaires. Enfin Movin&#8217;On et ces fournisseurs utilisent ces deux types de cookies pour retenir vos centres d\u2019int\u00e9r\u00eats et donn\u00e9es d\u00e9mographiques afin de vous proposer de la publicit\u00e9 cibl\u00e9e.<\/p>\n\n\n\n<p>Movin&#8217;On utilise ce que l\u2019on appelle des plugins sociaux (ci-apr\u00e8s : boutons) renvoyant \u00e0 des r\u00e9seaux sociaux tels que YouTube, LinkedIn ou X.<\/p>\n\n\n\n<p>Lors de votre visite sur notre site Internet, ces boutons sont d\u00e9sactiv\u00e9s par d\u00e9faut, c\u2019est-\u00e0-dire qu\u2019ils ne transmettent aucune information aux r\u00e9seaux sociaux concern\u00e9s sans intervention de votre part. Avant de pouvoir utiliser ces boutons, vous devez les activer au moyen d\u2019un clic. Les boutons restent activ\u00e9s jusqu&#8217;\u00e0 ce que vous les d\u00e9sactiviez \u00e0 nouveau ou que vous supprimiez vos cookies. Apr\u00e8s activation, le syst\u00e8me \u00e9tablit une liaison directe avec le serveur du r\u00e9seau social choisi. Le contenu du bouton est alors directement transf\u00e9r\u00e9 des r\u00e9seaux sociaux vers votre navigateur Internet, lequel les int\u00e8gre au site Internet visit\u00e9.<\/p>\n\n\n\n<p>D\u00e8s que vous avez activ\u00e9 un bouton, le r\u00e9seau social concern\u00e9 peut collecter des donn\u00e9es, ind\u00e9pendamment du fait que vous utilisiez ou non ce bouton. Si vous \u00eates connect\u00e9 \u00e0 un r\u00e9seau social, celui-ci est en mesure d\u2019attribuer votre visite du pr\u00e9sent site Internet \u00e0 votre compte utilisateur. La visite d\u2019autres sites Internet de Movin&#8217;On ne pourra pas y \u00eatre rattach\u00e9e tant que vous n\u2019aurez pas activ\u00e9 le bouton correspondant \u00e9galement sur ces sites.<\/p>\n\n\n\n<p>Si vous \u00eates membre d\u2019un r\u00e9seau social et que vous ne souhaitez pas que celui-ci \u00e9tablisse un lien entre les donn\u00e9es collect\u00e9es lors de votre visite de notre site Internet et les informations enregistr\u00e9es lors de votre adh\u00e9sion, il est indispensable que vous vous d\u00e9connectiez du r\u00e9seau social en question avant d\u2019activer les boutons.<\/p>\n\n\n\n<p>Veuillez noter que nous n\u2019avons aucune influence sur le volume des donn\u00e9es pr\u00e9lev\u00e9es par les r\u00e9seaux sociaux via vos boutons. Pour conna\u00eetre le volume des donn\u00e9es pr\u00e9lev\u00e9es et la finalit\u00e9 de la collecte, de m\u00eame que les modalit\u00e9s de traitement et d\u2019utilisation des informations par les r\u00e9seaux sociaux ainsi que les droits et possibilit\u00e9s de param\u00e9trage dont vous disposez pour prot\u00e9ger votre vie priv\u00e9e, veuillez lire les mentions relatives \u00e0 la protection des donn\u00e9es publi\u00e9es par les r\u00e9seaux sociaux concern\u00e9s.<\/p>\n\n\n\n<p>Notre site Internet utilise notamment des boutons du r\u00e9seau social ou des r\u00e9seaux sociaux ci-dessous&nbsp;:<\/p>\n\n\n\n<ul class=\"wp-block-list\">\n<li>Facebook, exploit\u00e9 par Meta Platforms, Inc., 1601 S. California Ave, Palo Alto, CA 94304, \u00c9tats-Unis. Vous pouvez consulter la liste des plugins sociaux Facebook ici : <a href=\"https:\/\/developers.facebook.com\/plugins\">https:\/\/developers.facebook.com\/plugins<\/a><br>Pour plus d\u2019informations sur la politique de Facebook en mati\u00e8re de protection des donn\u00e9es personnelles : <a href=\"https:\/\/www.facebook.com\/privacy\/policy?utm_source=chatgpt.com\">https:\/\/www.facebook.com\/privacy\/policy<\/a><br><\/li>\n\n\n\n<li>X (anciennement Twitter), exploit\u00e9 par X Corp. (qui a succ\u00e9d\u00e9 \u00e0 Twitter, Inc.). Vous trouverez les ressources d\u00e9veloppeurs et conditions ici : <a>https:\/\/about.x.com\/en\/developer<\/a><a href=\"https:\/\/about.x.com\/en?utm_source=chatgpt.com\" target=\"_blank\" rel=\"noreferrer noopener\">about.x.com+1<\/a><br>Pour plus d\u2019informations sur la politique de X en mati\u00e8re de protection des donn\u00e9es personnelles : <a>https:\/\/about.x.com\/en\/privacy<\/a><\/li>\n<\/ul>\n\n\n\n<ul class=\"wp-block-list\">\n<li>Youtube, exploit\u00e9 par YouTube LLC, 901 Cherry Avenue, San Bruno, CA 94066, \u00c9tats-Unis. Vous trouverez un aper\u00e7u des plugins sociaux YouTube ici : <a href=\"https:\/\/www.youtube.com\/yt\/dev\/fr\">https:\/\/www.youtube.com\/yt\/dev\/fr<\/a><br>Pour plus d\u2019informations sur la politique de YouTube \/ Google en mati\u00e8re de protection des donn\u00e9es personnelles : <a href=\"https:\/\/support.google.com\/youtube\/answer\/2801895\">https:\/\/support.google.com\/youtube\/answer\/2801895<\/a><\/li>\n<\/ul>\n\n\n\n<ul class=\"wp-block-list\">\n<li>LinkedIn, exploit\u00e9 par LinkedIn Ireland Unlimited Company, Wilton Place, Dublin 2, Irlande. Vous trouverez la liste des d\u00e9veloppeurs de plugins LinkedIn ici : <a href=\"https:\/\/developer.linkedin.com\/\">https:\/\/developer.linkedin.com\/<\/a><br>Pour plus d\u2019informations sur la politique de LinkedIn en mati\u00e8re de protection des donn\u00e9es personnelles : <a href=\"https:\/\/www.linkedin.com\/legal\/privacy-policy?utm_source=chatgpt.com\">https:\/\/www.linkedin.com\/legal\/privacy-policy<\/a><\/li>\n<\/ul>\n\n\n\n<p><\/p>","protected":false},"excerpt":{"rendered":"<p>1. Qu&#8217;est-ce qu&#8217;un cookie ? Un cookie est un fichier texte ou un \u00e9l\u00e9ment logiciel qui enregistre des informations relatives \u00e0 la navigation de votre terminal sur Internet. Il est sous le contr\u00f4le de votre navigateur, et porte parfois un num\u00e9ro unique et al\u00e9atoire. Vous pouvez le lire, le d\u00e9truire, ou le modifier. 2. Pourquoi [&hellip;]<\/p>\n","protected":false},"author":2,"featured_media":0,"parent":0,"menu_order":0,"comment_status":"closed","ping_status":"closed","template":"","meta":{"_acf_changed":false,"footnotes":""},"class_list":["post-1776","page","type-page","status-publish","hentry"],"acf":[],"yoast_head":"<!-- This site is optimized with the Yoast SEO Premium plugin v27.5 (Yoast SEO v27.5) - https:\/\/yoast.com\/product\/yoast-seo-premium-wordpress\/ -->\n<title>Politique cookies - Movin&#039;On<\/title>\n<meta name=\"robots\" content=\"noindex, follow\" \/>\n<meta property=\"og:locale\" content=\"en_GB\" \/>\n<meta property=\"og:type\" content=\"article\" \/>\n<meta property=\"og:title\" content=\"Politique cookies - Movin&#039;On\" \/>\n<meta property=\"og:description\" content=\"1. Qu&#8217;est-ce qu&#8217;un cookie ? Un cookie est un fichier texte ou un \u00e9l\u00e9ment logiciel qui enregistre des informations relatives \u00e0 la navigation de votre terminal sur Internet. Il est sous le contr\u00f4le de votre navigateur, et porte parfois un num\u00e9ro unique et al\u00e9atoire. Vous pouvez le lire, le d\u00e9truire, ou le modifier. 2. Pourquoi [&hellip;]\" \/>\n<meta property=\"og:url\" content=\"https:\/\/www.movinon.eu\/en\/politique-cookies\/\" \/>\n<meta property=\"og:site_name\" content=\"Movin&#039;On\" \/>\n<meta property=\"article:modified_time\" content=\"2025-10-31T10:07:47+00:00\" \/>\n<meta name=\"twitter:card\" content=\"summary_large_image\" \/>\n<meta name=\"twitter:label1\" content=\"Estimated reading time\" \/>\n\t<meta name=\"twitter:data1\" content=\"10 minutes\" \/>\n<script type=\"application\/ld+json\" class=\"yoast-schema-graph\">{\"@context\":\"https:\\\/\\\/schema.org\",\"@graph\":[{\"@type\":\"WebPage\",\"@id\":\"https:\\\/\\\/www.movinon.eu\\\/politique-cookies\\\/\",\"url\":\"https:\\\/\\\/www.movinon.eu\\\/politique-cookies\\\/\",\"name\":\"Politique cookies - Movin&#039;On\",\"isPartOf\":{\"@id\":\"https:\\\/\\\/www.movinon.eu\\\/#website\"},\"datePublished\":\"2023-04-12T08:28:13+00:00\",\"dateModified\":\"2025-10-31T10:07:47+00:00\",\"inLanguage\":\"en-GB\",\"potentialAction\":[{\"@type\":\"ReadAction\",\"target\":[\"https:\\\/\\\/www.movinon.eu\\\/politique-cookies\\\/\"]}]},{\"@type\":\"WebSite\",\"@id\":\"https:\\\/\\\/www.movinon.eu\\\/#website\",\"url\":\"https:\\\/\\\/www.movinon.eu\\\/\",\"name\":\"Movin'On\",\"description\":\"From ambition to action\",\"publisher\":{\"@id\":\"https:\\\/\\\/www.movinon.eu\\\/#organization\"},\"potentialAction\":[{\"@type\":\"SearchAction\",\"target\":{\"@type\":\"EntryPoint\",\"urlTemplate\":\"https:\\\/\\\/www.movinon.eu\\\/?s={search_term_string}\"},\"query-input\":{\"@type\":\"PropertyValueSpecification\",\"valueRequired\":true,\"valueName\":\"search_term_string\"}}],\"inLanguage\":\"en-GB\"},{\"@type\":\"Organization\",\"@id\":\"https:\\\/\\\/www.movinon.eu\\\/#organization\",\"name\":\"Movin'On\",\"url\":\"https:\\\/\\\/www.movinon.eu\\\/\",\"logo\":{\"@type\":\"ImageObject\",\"inLanguage\":\"en-GB\",\"@id\":\"https:\\\/\\\/www.movinon.eu\\\/#\\\/schema\\\/logo\\\/image\\\/\",\"url\":\"https:\\\/\\\/www.movinon.eu\\\/wp-content\\\/uploads\\\/2023\\\/02\\\/logo-mo.svg\",\"contentUrl\":\"https:\\\/\\\/www.movinon.eu\\\/wp-content\\\/uploads\\\/2023\\\/02\\\/logo-mo.svg\",\"width\":186,\"height\":28,\"caption\":\"Movin'On\"},\"image\":{\"@id\":\"https:\\\/\\\/www.movinon.eu\\\/#\\\/schema\\\/logo\\\/image\\\/\"}}]}<\/script>\n<!-- \/ Yoast SEO Premium plugin. -->","yoast_head_json":{"title":"Politique cookies - Movin&#039;On","robots":{"index":"noindex","follow":"follow"},"og_locale":"en_GB","og_type":"article","og_title":"Politique cookies - Movin&#039;On","og_description":"1. Qu&#8217;est-ce qu&#8217;un cookie ? Un cookie est un fichier texte ou un \u00e9l\u00e9ment logiciel qui enregistre des informations relatives \u00e0 la navigation de votre terminal sur Internet. Il est sous le contr\u00f4le de votre navigateur, et porte parfois un num\u00e9ro unique et al\u00e9atoire. Vous pouvez le lire, le d\u00e9truire, ou le modifier. 2. Pourquoi [&hellip;]","og_url":"https:\/\/www.movinon.eu\/en\/politique-cookies\/","og_site_name":"Movin&#039;On","article_modified_time":"2025-10-31T10:07:47+00:00","twitter_card":"summary_large_image","twitter_misc":{"Estimated reading time":"10 minutes"},"schema":{"@context":"https:\/\/schema.org","@graph":[{"@type":"WebPage","@id":"https:\/\/www.movinon.eu\/politique-cookies\/","url":"https:\/\/www.movinon.eu\/politique-cookies\/","name":"Politique cookies - Movin&#039;On","isPartOf":{"@id":"https:\/\/www.movinon.eu\/#website"},"datePublished":"2023-04-12T08:28:13+00:00","dateModified":"2025-10-31T10:07:47+00:00","inLanguage":"en-GB","potentialAction":[{"@type":"ReadAction","target":["https:\/\/www.movinon.eu\/politique-cookies\/"]}]},{"@type":"WebSite","@id":"https:\/\/www.movinon.eu\/#website","url":"https:\/\/www.movinon.eu\/","name":"Association","description":"From ambition to action","publisher":{"@id":"https:\/\/www.movinon.eu\/#organization"},"potentialAction":[{"@type":"SearchAction","target":{"@type":"EntryPoint","urlTemplate":"https:\/\/www.movinon.eu\/?s={search_term_string}"},"query-input":{"@type":"PropertyValueSpecification","valueRequired":true,"valueName":"search_term_string"}}],"inLanguage":"en-GB"},{"@type":"Organization","@id":"https:\/\/www.movinon.eu\/#organization","name":"Association","url":"https:\/\/www.movinon.eu\/","logo":{"@type":"ImageObject","inLanguage":"en-GB","@id":"https:\/\/www.movinon.eu\/#\/schema\/logo\/image\/","url":"https:\/\/www.movinon.eu\/wp-content\/uploads\/2023\/02\/logo-mo.svg","contentUrl":"https:\/\/www.movinon.eu\/wp-content\/uploads\/2023\/02\/logo-mo.svg","width":186,"height":28,"caption":"Movin'On"},"image":{"@id":"https:\/\/www.movinon.eu\/#\/schema\/logo\/image\/"}}]}},"_links":{"self":[{"href":"https:\/\/www.movinon.eu\/en\/wp-json\/wp\/v2\/pages\/1776","targetHints":{"allow":["GET"]}}],"collection":[{"href":"https:\/\/www.movinon.eu\/en\/wp-json\/wp\/v2\/pages"}],"about":[{"href":"https:\/\/www.movinon.eu\/en\/wp-json\/wp\/v2\/types\/page"}],"author":[{"embeddable":true,"href":"https:\/\/www.movinon.eu\/en\/wp-json\/wp\/v2\/users\/2"}],"replies":[{"embeddable":true,"href":"https:\/\/www.movinon.eu\/en\/wp-json\/wp\/v2\/comments?post=1776"}],"version-history":[{"count":0,"href":"https:\/\/www.movinon.eu\/en\/wp-json\/wp\/v2\/pages\/1776\/revisions"}],"wp:attachment":[{"href":"https:\/\/www.movinon.eu\/en\/wp-json\/wp\/v2\/media?parent=1776"}],"curies":[{"name":"wp","href":"https:\/\/api.w.org\/{rel}","templated":true}]}}