{"id":1773,"date":"2023-04-12T10:17:59","date_gmt":"2023-04-12T08:17:59","guid":{"rendered":"\/?page_id=1773"},"modified":"2025-10-31T10:55:25","modified_gmt":"2025-10-31T09:55:25","slug":"mentions-legales","status":"publish","type":"page","link":"https:\/\/www.movinon.eu\/en\/mentions-legales\/","title":{"rendered":"Mentions l\u00e9gales"},"content":{"rendered":"<h2 class=\"wp-block-heading\" id=\"h-ce-site-est-edite-par\">Ce site est \u00e9dit\u00e9 par :<\/h2>\n\n\n\n<p>Manufacture Fran\u00e7aise des Pneumatiques Michelin<\/p>\n\n\n\n<p>Place des Carmes D\u00e9chaux<\/p>\n\n\n\n<p>63040 Clermont-Ferrand Cedex 9<\/p>\n\n\n\n<p>France<\/p>\n\n\n\n<p>T\u00e9l\u00e9phone : +33\u202f473 32 20 00\u202f\u202f\u202f\u202f\u202f T\u00e9l\u00e9copie : +33 473 32 22 02<\/p>\n\n\n\n<p>Soci\u00e9t\u00e9 en commandite par actions au capital de 504 000 004 \u20ac.<\/p>\n\n\n\n<p>855 200 507 R.C.S. Clermont-Ferrand<\/p>\n\n\n\n<p>N\u00b0 SIREN 855 200 507<\/p>\n\n\n\n<p>N\u00b0 TVA Intracommunautaire FR33855200507<\/p>\n\n\n\n<h2 class=\"wp-block-heading\" id=\"h-ce-site-est-heberge-par\">Ce site est h\u00e9berg\u00e9 par : <\/h2>\n\n\n\n<p>SYNTEN<\/p>\n\n\n\n<p>255 Bureaux de la Colline<br>1, rue Royale 92210 Saint Cloud<\/p>\n\n\n\n<p>01 39 45 60 30<\/p>\n\n\n\n<p><strong>Directeur de publication : <\/strong>Monsieur Ga\u00ebl QU\u00c9INNEC<\/p>\n\n\n\n<p><\/p>\n\n\n\n<p><strong>Merci de lire attentivement ces conditions d\u2019utilisation avant de consulter\u00a0ce\u00a0site (ci-apr\u00e8s le \u00ab Site\u00bb) consacr\u00e9 \u00e0 Movin\u2019On.<\/strong><\/p>\n\n\n\n<h2 class=\"wp-block-heading\" id=\"h-article-1-objet\">ARTICLE 1 : OBJET <\/h2>\n\n\n\n<p>La pr\u00e9sente notice l\u00e9gale\u00a0a pour objet de d\u00e9finir les modalit\u00e9s selon lesquelles Movin&#8217;On met \u00e0 votre disposition le Site et les modalit\u00e9s selon lesquelles vous acc\u00e9dez et utilisez ce dernier.<\/p>\n\n\n\n<p>Toute connexion au Site est subordonn\u00e9e au respect de la notice l\u00e9gale\u00a0que Movin&#8217;On se r\u00e9serve de modifier ou de mettre \u00e0 jour \u00e0 tout moment. L\u2019acc\u00e8s et l\u2019utilisation du Site entra\u00eenent votre acceptation de\u00a0ces conditions.<\/p>\n\n\n\n<h2 class=\"wp-block-heading\" id=\"h-article-2-acces-et-utilisation-du-site-et-des-contenus\">ARTICLE 2 : ACC\u00c8S ET UTILISATION DU SITE ET DES CONTENUS <\/h2>\n\n\n\n<h3 class=\"wp-block-heading\" id=\"h-2-1-site-acces-et-utilisation\">2.1. Site : Acc\u00e8s et Utilisation<\/h3>\n\n\n\n<p>Movin&#8217;On s&#8217;efforce de maintenir le Site accessible, sans pour autant \u00eatre tenu \u00e0 aucune obligation d&#8217;y parvenir. Il est pr\u00e9cis\u00e9 qu&#8217;\u00e0 des fins de maintenance, de mise \u00e0 jour, et pour toute autre raison, notamment d&#8217;ordre technique, juridique ou de s\u00e9curit\u00e9, l&#8217;acc\u00e8s \u00e0 tout ou partie du\u00a0Site et\/ou contenus pourra \u00eatre modul\u00e9, interrompu voire supprim\u00e9. Movin&#8217;On ne peut en aucun cas \u00eatre tenu pour responsable de ces interruptions temporaires ou d\u00e9finitives et des cons\u00e9quences qui pourraient en d\u00e9couler pour vous.<\/p>\n\n\n\n<p>Vous vous engagez \u00e0 ne pas acc\u00e9der \u00e0 ou utiliser le&nbsp;Site de mani\u00e8re frauduleuse et, notamment, aux services interactifs, en cas d\u2019existence de tels services.<\/p>\n\n\n\n<h3 class=\"wp-block-heading\" id=\"h-2-2-contenus-acces-et-utilisation\">2.2 Contenus : Acc\u00e8s et Utilisation <\/h3>\n\n\n\n<p>Ce Site est accessible \u00e0 tout utilisateur.&nbsp;Il contient des rubriques pr\u00e9sentant&nbsp;des informations g\u00e9n\u00e9rales autour de l\u2019\u00e9v\u00e8nement Movin\u2019On.<\/p>\n\n\n\n<p>Movin&#8217;On se r\u00e9serve le droit de modifier, corriger, interrompre et\/ou supprimer tout ou partie des contenus et\/ou du\u00a0Site \u00e0 tout moment, sans pr\u00e9avis.<\/p>\n\n\n\n<p>Dans les limites ci-apr\u00e8s, Movin&#8217;On vous accorde le droit de t\u00e9l\u00e9charger, d\u2019imprimer et d\u2019utiliser les contenus de Movin&#8217;On (i) lorsque la fonctionnalit\u00e9 de t\u00e9l\u00e9chargement existe,\u00a0(ii) \u00e0 des fins personnelles et non commerciales,\u00a0(iii) de bonne foi et (iv) en conservant intactes les mentions de propri\u00e9t\u00e9 ainsi que la date de mise en ligne qui figurent sur ces contenus, si ces informations sont indiqu\u00e9es. Ce droit ne doit en aucun cas s&#8217;interpr\u00e9ter comme une quelconque licence notamment de marque ou de logo.<\/p>\n\n\n\n<p>Tout Contenu de Tiers, tel que d\u00e9fini \u00e0 l\u2019Article 3.2, est soumis aux r\u00e8gles \u00e9dict\u00e9es par ledit tiers.<\/p>\n\n\n\n<h3 class=\"wp-block-heading\" id=\"h-2-3-restrictions-d-utilisations\">2.3 Restrictions d&#8217;utilisations <\/h3>\n\n\n\n<p>Sauf autorisation expresse et pr\u00e9alable de Movin&#8217;On, sont interdites toutes reproductions, repr\u00e9sentations et utilisations autres que celles vis\u00e9es ci-dessus et notamment :<\/p>\n\n\n\n<ul class=\"wp-block-list\">\n<li>toute adaptation, mise \u00e0 disposition du public \u00e0 sa demande ou non, distribution, rediffusion sous quelque forme que ce soit, mise en r\u00e9seau, communication publique de tout ou partie du&nbsp;Site, \u0153uvres, prestations, marques et de tous les \u00e9l\u00e9ments prot\u00e9g\u00e9s ou susceptibles de protection par le droit de la propri\u00e9t\u00e9 intellectuelle reproduits sur le&nbsp;&nbsp;Site ;<\/li>\n<\/ul>\n\n\n\n<ul class=\"wp-block-list\">\n<li>toute extraction et\/ou r\u00e9utilisation, y compris \u00e0 des fins priv\u00e9es, d\u2019une partie qualitativement ou quantitativement substantielle du contenu des bases de donn\u00e9es constitu\u00e9es par le&nbsp;Site&nbsp;ou accessibles sur le Site&nbsp;;<\/li>\n\n\n\n<li>toute extraction et\/ou r\u00e9utilisation, r\u00e9p\u00e9t\u00e9e et\/ou syst\u00e9matique, y compris \u00e0 des fins priv\u00e9es, d\u2019une partie m\u00eame non substantielle du contenu des bases de donn\u00e9es constitu\u00e9es par le&nbsp;Site&nbsp;ou accessibles sur le Site&nbsp;;<\/li>\n\n\n\n<li>tout lien, acc\u00e8s, modification, ajout, suppression qui porte sur le syst\u00e8me de traitement automatis\u00e9 de l\u2019\u00e9dition en ligne et modifie les conditions de publication ou la politique \u00e9ditoriale.<\/li>\n<\/ul>\n\n\n\n<p>Il vous est rappel\u00e9 que&nbsp;sont notamment interdits&nbsp;:<\/p>\n\n\n\n<ul class=\"wp-block-list\">\n<li>l\u2019acc\u00e8s et le maintien frauduleux dans un syst\u00e8me de traitement automatis\u00e9 de donn\u00e9es,<\/li>\n\n\n\n<li>la suppression, la modification ou l\u2019ajout frauduleux de donn\u00e9es dans ce syst\u00e8me,<\/li>\n\n\n\n<li>le fait d\u2019entraver ce syst\u00e8me.<\/li>\n<\/ul>\n\n\n\n<p>Tout utilisateur qui agit en fraude de la pr\u00e9sente notice l\u00e9gale s\u2019expose aux poursuites civiles ou p\u00e9nales qui r\u00e9priment en particulier les atteintes au droit d\u2019auteur, aux droits voisins, aux droits des producteurs de bases de donn\u00e9es et\/ ou&nbsp;aux&nbsp;syst\u00e8mes de traitement automatis\u00e9 de donn\u00e9es.<\/p>\n\n\n\n<h2 class=\"wp-block-heading\" id=\"h-article-3-droits-de-propriete-intellectuelle\">ARTICLE 3 : DROITS DE PROPRI\u00c9T\u00c9 INTELLECTUELLE<\/h2>\n\n\n\n<h3 class=\"wp-block-heading\" id=\"h-3-1-generalites\">3.1 G\u00e9n\u00e9ralit\u00e9s<\/h3>\n\n\n\n<p>Les contenus (notamment et non limitativement les informations, textes, fichiers, graphiques, images, donn\u00e9es, bases de donn\u00e9es, logiciels, API, images, photos, visuels, vid\u00e9os et bande sonore, logos et marques ainsi que la forme de tous ces \u00e9l\u00e9ments et du site lui-m\u00eame) sont prot\u00e9g\u00e9s au titre du droit d&#8217;auteur et\/ou autres droits de propri\u00e9t\u00e9 intellectuelle. Les contenus sont la propri\u00e9t\u00e9 exclusive de leurs \u00e9diteurs respectifs. Toute copie, reproduction, repr\u00e9sentation, exploitation, adaptation, alt\u00e9ration,\u00a0modification, traduction, diffusion, int\u00e9grale ou partielle, des contenus, qu&#8217;ils appartiennent \u00e0 Movin&#8217;On ou \u00e0 un tiers qui a conc\u00e9d\u00e9 des droits \u00e0 Movin&#8217;On, par quelque proc\u00e9d\u00e9 que ce soit, est illicite \u00e0 l&#8217;exception des droits limitatifs qui vous sont conc\u00e9d\u00e9s \u00e0 l&#8217;article 2 ci-dessus et\/ou de la copie priv\u00e9e r\u00e9serv\u00e9e \u00e0 l&#8217;usage exclusif du copiste. Les contenus pr\u00e9sent\u00e9s dans ce\u00a0Site sont susceptibles de modification sans pr\u00e9avis et sont mis \u00e0 disposition sans aucune garantie d&#8217;aucune sorte, expresse ou tacite et ne peuvent donner lieu \u00e0 un quelconque droit \u00e0 d\u00e9dommagement.\u00a0Les contenus sont prot\u00e9g\u00e9s par\u00a0copyright \u00a9 Movin&#8217;On\u00a0ou copyright de ses partenaires. Les logos sont des marques d\u00e9pos\u00e9es.<\/p>\n\n\n\n<h3 class=\"wp-block-heading\" id=\"h-3-2-regles-additionnelles-relatives-aux-contenus-de-tiers\">3.2 R\u00e8gles additionnelles relatives aux Contenus de tiers<\/h3>\n\n\n\n<p>Certains \u00ab\u202fContenus de Tiers\u202f\u00bb (incluant notamment et non limitativement des informations, textes, fichiers, images, graphiques, donn\u00e9es, photos, visuels, vid\u00e9os et bandes sonores, logiciels, API et bases de donn\u00e9es, liens URL, sites de tiers, les flux de donn\u00e9es issus des r\u00e9seaux sociaux, flux\u00a0rss\u00a0issus des blogs, biblioth\u00e8ques de donn\u00e9es et dictionnaires et tout autre contenu ou tout autre bien, dans tout format, obtenus ou issus de sources tierces \u00e0 Movin&#8217;On)\u00a0peuvent \u00eatre\u00a0rendus accessibles sur ou via le\u00a0Site ou lors de votre utilisation du\u00a0Site. Tout droit de propri\u00e9t\u00e9 intellectuelle et licence d\u2019utilisation aff\u00e9rant aux Contenus de Tiers sont soumis aux r\u00e8gles \u00e9dict\u00e9es par ledit tiers.<\/p>\n\n\n\n<p>Le tiers propri\u00e9taire, auteur ou fournisseur de Contenus de Tiers reste titulaire des droits de propri\u00e9t\u00e9 intellectuelle des contenus et, le droit d\u2019utilisation de ces Contenus de Tiers reste soumis aux conditions applicables telles que d\u00e9finies par le tiers propri\u00e9taire, auteur ou fournisseur de contenu.<\/p>\n\n\n\n<h2 class=\"wp-block-heading\" id=\"h-article-4-courriers-electroniques\">ARTICLE 4 : COURRIERS \u00c9LECTRONIQUES<\/h2>\n\n\n\n<p>Pour correspondre avec Movin&#8217;On par courrier \u00e9lectronique, vous devez remplir le\u00a0formulaire\u00a0de\u00a0contact\u00a0propos\u00e9\u00a0sur le\u00a0Site. Les r\u00e9ponses formul\u00e9es par Movin&#8217;On aux courriers \u00e9lectroniques, ainsi que l\u2019acc\u00e8s au\u00a0Site et aux contenus ne peuvent \u00eatre assimil\u00e9es ou ne peuvent constituer la preuve de l\u2019exercice d\u2019une activit\u00e9 publicitaire, promotionnelle ou commerciale sur le territoire du pays o\u00f9 se situe l\u2019utilisateur.<\/p>\n\n\n\n<h2 class=\"wp-block-heading\" id=\"h-article-5-protection-des-donnees-a-caractere-personnel\">ARTICLE 5 : PROTECTION DES DONN\u00c9ES \u00c0 CARACT\u00c8RE PERSONNEL<\/h2>\n\n\n\n<p>Nous&nbsp;vous renvoyons vers notre&nbsp;Politique&nbsp;relative aux donn\u00e9es personnelles&nbsp;et notre&nbsp;Politique Cookies.<\/p>\n\n\n\n<p>Notre Site peut contenir des liens vers d\u2019autres sites. Nous vous avisons que lorsque vous quittez notre Site, vous pouvez \u00eatre soumis \u00e0 d\u2019autres pratiques en mati\u00e8re de protection des donn\u00e9es \u00e0 caract\u00e8re personnel, sur lesquelles Movin&#8217;On n\u2019a aucun contr\u00f4le et n\u2019engage pas sa responsabilit\u00e9.<\/p>\n\n\n\n<h2 class=\"wp-block-heading\" id=\"h-article-6-garantie-et-responsabilite\">ARTICLE 6 : GARANTIE ET RESPONSABILIT\u00c9<\/h2>\n\n\n\n<h3 class=\"wp-block-heading\" id=\"h-6-1-limitation-generale\"> 6.1 Limitation g\u00e9n\u00e9rale <\/h3>\n\n\n\n<p>DANS LA LIMITE AUTORISEE PAR LA LOI,\u00a0 LES CONTENUS PUBLIES ET\/OU ACCESSIBLES SUR OU VIA LE SITE SONT FOURNIS \u00ab\u202f EN L&#8217;ETAT\u202f\u00bb SANS AUCUNE GARANTIE EXPRESSE OU TACITE DE QUELQUE SORTE QUE CE SOIT ET MOVIN&#8217;ON DECLINE EXPRESSEMENT TOUTE RESPONSABILITE DE QUELQUE NATURE QUE CE SOIT AU TITRE DE TOUT OU PARTIE DES CONTENUS ET\/OU DU SITE. MOVIN&#8217;ON NE POURRA NOTAMMENT PAS ETRE TENU POUR RESPONSABLE EN CAS DE CONTAMINATION DE VOS RESSOURCES INFORMATIQUES (MATERIELLES ET\u00a0IMMATERIELLES) RESULTANT DE LA PROPAGATION D&#8217;UN VIRUS OU AUTRES INFECTIONS INFORMATIQUES. IL VOUS APPARTIENT DE PRENDRE TOUTES LES MESURES APPROPRIEES DE FA\u00c7ON A PROTEGER VOS RESSOURCES INFORMATIQUES.<\/p>\n\n\n\n<p>EN AUCUN CAS,\u00a0MOVIN&#8217;ON, SES DIRECTEURS, EMPLOYES, AGENTS, FOURNISSEURS, OU LES PARTENAIRES MENTIONNES DANS LE SITE NE PEUVENT ETRE TENUS RESPONSABLES, AU TITRE D&#8217;UNE ACTION EN RESPONSABILITE CONTRACTUELLE, EN RESPONSABILITE DELICTUELLE OU DE TOUTE AUTRE ACTION, DE TOUT DOMMAGE DIRECT OU INDIRECT, INCIDENT OU ACCESSOIRE, OU DE QUELQUE NATURE QU&#8217;IL SOIT OU DE TOUT PREJUDICE, NOTAMMENT, DE NATURE FINANCIERE OU COMMERCIALE, RESULTANT DE L\u2019ACCES (NON ACCES) ET\/OU L&#8217;UTILISATION (NON UTILISATION) DU SITE OU D&#8217;UN QUELCONQUE CONTENU OBTENU SUR LE SITE OU VIA LE SITE, Y COMPRIS LES CONTENUS DE TIERS (TELS QUE DEFINIS A L\u2019ARTICLE 3.2 CI-DESSUS).<\/p>\n\n\n\n<h3 class=\"wp-block-heading\" id=\"h-6-2-limitation-additionnelle-relative-aux-sites-et-contenus-de-tiers\"><strong>6.2. Limitation additionnelle relative aux sites et Contenus de Tiers<\/strong><\/h3>\n\n\n\n<p>LE SITE PEUT CONTENIR DES LIENS SIMPLES OU PROFONDS VERS DES&nbsp;SITES&nbsp;DE TIERS, AVEC POUR LES LIENS PROFONDS L&#8217;AUTORISATION DE CES DERNIERS.<\/p>\n\n\n\n<p>VOUS RECONNAISSEZ QUE MOVIN&#8217;ON N\u2019EST PAS RESPONSABLE ET N\u2019A AUCUNE OBLIGATION DE CONTROLE, DE SURVEILLANCE OU DE RECTIFICATION DES\u00a0SITES\u00a0DE TIERS. DE PLUS, MOVIN&#8217;ON N&#8217;EXERCE AUCUN CONTROLE SUR CES SITES ET, PAR CONSEQUENT, NE PEUT ETRE TENU RESPONSABLE DE LEUR ACCESSIBILITE, PERTINENCE, DISPONIBILITE, CONTENU, PUBLICITE, PRODUITS ET\/OU SERVICES DISPONIBLES SUR OU VIA CES SITES. AINSI, MOVIN&#8217;ON N&#8217;EST AUCUNEMENT RESPONSABLE DES DOMMAGES DIRECTS OU INDIRECTS POUVANT SURVENIR A L&#8217;OCCASION DE VOTRE ACCES (NON ACCES) OU UTILISATION (NON UTILISATION) DU\u00a0SITE\u00a0DE TIERS OU ENCORE EN RAISON DU NON-RESPECT DE CE CONTENU A TOUTE REGLEMENTATION.<\/p>\n\n\n\n<p>MOVIN&#8217;ON A LA POSSIBILITE DE METTRE A JOUR, CHANGER OU MODIFIER LE SITE, DU FAIT D\u2019UNE MODIFICATION OU D\u2019UNE INACCESSIBILITE DES CONTENUS DE TIERS\u00a0OU DES SITES DE TIERS. MOVIN&#8217;ON EST EGALEMENT EN DROIT DE CESSER DE FOURNIR L\u2019ACCES AUX CONTENUS DE TIERS SANS AUCUNE RESPONSABILITE A VOTRE EGARD.<\/p>\n\n\n\n<h2 class=\"wp-block-heading\" id=\"h-article-7-competence-juridictionnelle-et-loi-applicable\"><strong>ARTICLE 7 : COMP\u00c9TENCE JURIDICTIONNELLE ET LOI APPLICABLE<\/strong><\/h2>\n\n\n\n<p>Tout litige relatif au site, \u00e0 la pr\u00e9sente notice l\u00e9gale est port\u00e9 devant le tribunal de Clermont-Ferrand et est r\u00e9gi et analys\u00e9 selon la l\u00e9gislation fran\u00e7aise sur le fond, ind\u00e9pendamment des r\u00e8gles de conflit de lois. L\u2019utilisation du&nbsp;Site signifie l\u2019accord express de l\u2019utilisateur \u00e0 l\u2019application de la pr\u00e9sente clause. Dans le cas o\u00f9 l\u2019une des&nbsp;stipulations&nbsp;de ce&nbsp;document&nbsp;serait jug\u00e9e ill\u00e9gale, nulle ou inapplicable pour quelque raison que ce soit, elle serait consid\u00e9r\u00e9e comme ne faisant pas partie de&nbsp;ce document&nbsp;et n\u2019affecterait pas la validit\u00e9 ni l\u2019application des autres stipulations.<\/p>\n\n\n\n<p><strong>Date : Octobre 2025<\/strong><\/p>","protected":false},"excerpt":{"rendered":"<p>Ce site est \u00e9dit\u00e9 par : Manufacture Fran\u00e7aise des Pneumatiques Michelin Place des Carmes D\u00e9chaux 63040 Clermont-Ferrand Cedex 9 France T\u00e9l\u00e9phone : +33\u202f473 32 20 00\u202f\u202f\u202f\u202f\u202f T\u00e9l\u00e9copie : +33 473 32 22 02 Soci\u00e9t\u00e9 en commandite par actions au capital de 504 000 004 \u20ac. 855 200 507 R.C.S. Clermont-Ferrand N\u00b0 SIREN 855 200 507 [&hellip;]<\/p>\n","protected":false},"author":2,"featured_media":0,"parent":0,"menu_order":0,"comment_status":"closed","ping_status":"closed","template":"","meta":{"_acf_changed":false,"footnotes":""},"class_list":["post-1773","page","type-page","status-publish","hentry"],"acf":[],"yoast_head":"<!-- This site is optimized with the Yoast SEO Premium plugin v27.5 (Yoast SEO v27.5) - https:\/\/yoast.com\/product\/yoast-seo-premium-wordpress\/ -->\n<title>Mentions l\u00e9gales - Movin&#039;On<\/title>\n<meta name=\"robots\" content=\"noindex, follow\" \/>\n<meta property=\"og:locale\" content=\"en_GB\" \/>\n<meta property=\"og:type\" content=\"article\" \/>\n<meta property=\"og:title\" content=\"Mentions l\u00e9gales - Movin&#039;On\" \/>\n<meta property=\"og:description\" content=\"Ce site est \u00e9dit\u00e9 par : Manufacture Fran\u00e7aise des Pneumatiques Michelin Place des Carmes D\u00e9chaux 63040 Clermont-Ferrand Cedex 9 France T\u00e9l\u00e9phone : +33\u202f473 32 20 00\u202f\u202f\u202f\u202f\u202f T\u00e9l\u00e9copie : +33 473 32 22 02 Soci\u00e9t\u00e9 en commandite par actions au capital de 504 000 004 \u20ac. 855 200 507 R.C.S. Clermont-Ferrand N\u00b0 SIREN 855 200 507 [&hellip;]\" \/>\n<meta property=\"og:url\" content=\"https:\/\/www.movinon.eu\/en\/mentions-legales\/\" \/>\n<meta property=\"og:site_name\" content=\"Movin&#039;On\" \/>\n<meta property=\"article:modified_time\" content=\"2025-10-31T09:55:25+00:00\" \/>\n<meta name=\"twitter:card\" content=\"summary_large_image\" \/>\n<meta name=\"twitter:label1\" content=\"Estimated reading time\" \/>\n\t<meta name=\"twitter:data1\" content=\"9 minutes\" \/>\n<script type=\"application\/ld+json\" class=\"yoast-schema-graph\">{\"@context\":\"https:\\\/\\\/schema.org\",\"@graph\":[{\"@type\":\"WebPage\",\"@id\":\"https:\\\/\\\/www.movinon.eu\\\/mentions-legales\\\/\",\"url\":\"https:\\\/\\\/www.movinon.eu\\\/mentions-legales\\\/\",\"name\":\"Mentions l\u00e9gales - Movin&#039;On\",\"isPartOf\":{\"@id\":\"https:\\\/\\\/www.movinon.eu\\\/#website\"},\"datePublished\":\"2023-04-12T08:17:59+00:00\",\"dateModified\":\"2025-10-31T09:55:25+00:00\",\"inLanguage\":\"en-GB\",\"potentialAction\":[{\"@type\":\"ReadAction\",\"target\":[\"https:\\\/\\\/www.movinon.eu\\\/mentions-legales\\\/\"]}]},{\"@type\":\"WebSite\",\"@id\":\"https:\\\/\\\/www.movinon.eu\\\/#website\",\"url\":\"https:\\\/\\\/www.movinon.eu\\\/\",\"name\":\"Movin'On\",\"description\":\"From ambition to action\",\"publisher\":{\"@id\":\"https:\\\/\\\/www.movinon.eu\\\/#organization\"},\"potentialAction\":[{\"@type\":\"SearchAction\",\"target\":{\"@type\":\"EntryPoint\",\"urlTemplate\":\"https:\\\/\\\/www.movinon.eu\\\/?s={search_term_string}\"},\"query-input\":{\"@type\":\"PropertyValueSpecification\",\"valueRequired\":true,\"valueName\":\"search_term_string\"}}],\"inLanguage\":\"en-GB\"},{\"@type\":\"Organization\",\"@id\":\"https:\\\/\\\/www.movinon.eu\\\/#organization\",\"name\":\"Movin'On\",\"url\":\"https:\\\/\\\/www.movinon.eu\\\/\",\"logo\":{\"@type\":\"ImageObject\",\"inLanguage\":\"en-GB\",\"@id\":\"https:\\\/\\\/www.movinon.eu\\\/#\\\/schema\\\/logo\\\/image\\\/\",\"url\":\"https:\\\/\\\/www.movinon.eu\\\/wp-content\\\/uploads\\\/2023\\\/02\\\/logo-mo.svg\",\"contentUrl\":\"https:\\\/\\\/www.movinon.eu\\\/wp-content\\\/uploads\\\/2023\\\/02\\\/logo-mo.svg\",\"width\":186,\"height\":28,\"caption\":\"Movin'On\"},\"image\":{\"@id\":\"https:\\\/\\\/www.movinon.eu\\\/#\\\/schema\\\/logo\\\/image\\\/\"}}]}<\/script>\n<!-- \/ Yoast SEO Premium plugin. -->","yoast_head_json":{"title":"Mentions l\u00e9gales - Movin&#039;On","robots":{"index":"noindex","follow":"follow"},"og_locale":"en_GB","og_type":"article","og_title":"Mentions l\u00e9gales - Movin&#039;On","og_description":"Ce site est \u00e9dit\u00e9 par : Manufacture Fran\u00e7aise des Pneumatiques Michelin Place des Carmes D\u00e9chaux 63040 Clermont-Ferrand Cedex 9 France T\u00e9l\u00e9phone : +33\u202f473 32 20 00\u202f\u202f\u202f\u202f\u202f T\u00e9l\u00e9copie : +33 473 32 22 02 Soci\u00e9t\u00e9 en commandite par actions au capital de 504 000 004 \u20ac. 855 200 507 R.C.S. Clermont-Ferrand N\u00b0 SIREN 855 200 507 [&hellip;]","og_url":"https:\/\/www.movinon.eu\/en\/mentions-legales\/","og_site_name":"Movin&#039;On","article_modified_time":"2025-10-31T09:55:25+00:00","twitter_card":"summary_large_image","twitter_misc":{"Estimated reading time":"9 minutes"},"schema":{"@context":"https:\/\/schema.org","@graph":[{"@type":"WebPage","@id":"https:\/\/www.movinon.eu\/mentions-legales\/","url":"https:\/\/www.movinon.eu\/mentions-legales\/","name":"Mentions l\u00e9gales - Movin&#039;On","isPartOf":{"@id":"https:\/\/www.movinon.eu\/#website"},"datePublished":"2023-04-12T08:17:59+00:00","dateModified":"2025-10-31T09:55:25+00:00","inLanguage":"en-GB","potentialAction":[{"@type":"ReadAction","target":["https:\/\/www.movinon.eu\/mentions-legales\/"]}]},{"@type":"WebSite","@id":"https:\/\/www.movinon.eu\/#website","url":"https:\/\/www.movinon.eu\/","name":"Association","description":"From ambition to action","publisher":{"@id":"https:\/\/www.movinon.eu\/#organization"},"potentialAction":[{"@type":"SearchAction","target":{"@type":"EntryPoint","urlTemplate":"https:\/\/www.movinon.eu\/?s={search_term_string}"},"query-input":{"@type":"PropertyValueSpecification","valueRequired":true,"valueName":"search_term_string"}}],"inLanguage":"en-GB"},{"@type":"Organization","@id":"https:\/\/www.movinon.eu\/#organization","name":"Association","url":"https:\/\/www.movinon.eu\/","logo":{"@type":"ImageObject","inLanguage":"en-GB","@id":"https:\/\/www.movinon.eu\/#\/schema\/logo\/image\/","url":"https:\/\/www.movinon.eu\/wp-content\/uploads\/2023\/02\/logo-mo.svg","contentUrl":"https:\/\/www.movinon.eu\/wp-content\/uploads\/2023\/02\/logo-mo.svg","width":186,"height":28,"caption":"Movin'On"},"image":{"@id":"https:\/\/www.movinon.eu\/#\/schema\/logo\/image\/"}}]}},"_links":{"self":[{"href":"https:\/\/www.movinon.eu\/en\/wp-json\/wp\/v2\/pages\/1773","targetHints":{"allow":["GET"]}}],"collection":[{"href":"https:\/\/www.movinon.eu\/en\/wp-json\/wp\/v2\/pages"}],"about":[{"href":"https:\/\/www.movinon.eu\/en\/wp-json\/wp\/v2\/types\/page"}],"author":[{"embeddable":true,"href":"https:\/\/www.movinon.eu\/en\/wp-json\/wp\/v2\/users\/2"}],"replies":[{"embeddable":true,"href":"https:\/\/www.movinon.eu\/en\/wp-json\/wp\/v2\/comments?post=1773"}],"version-history":[{"count":0,"href":"https:\/\/www.movinon.eu\/en\/wp-json\/wp\/v2\/pages\/1773\/revisions"}],"wp:attachment":[{"href":"https:\/\/www.movinon.eu\/en\/wp-json\/wp\/v2\/media?parent=1773"}],"curies":[{"name":"wp","href":"https:\/\/api.w.org\/{rel}","templated":true}]}}