{"id":1233,"date":"2023-03-30T19:19:39","date_gmt":"2023-03-30T17:19:39","guid":{"rendered":"\/?page_id=1233"},"modified":"2025-12-15T10:41:43","modified_gmt":"2025-12-15T09:41:43","slug":"newsletter","status":"publish","type":"page","link":"https:\/\/www.movinon.eu\/en\/newsletter\/","title":{"rendered":"Newsletter"},"content":{"rendered":"<div data-elementor-type=\"wp-page\" data-elementor-id=\"1233\" class=\"elementor elementor-1233\" data-elementor-post-type=\"page\">\n\t\t\t\t\t\t<section class=\"elementor-section elementor-top-section elementor-element elementor-element-748fb1b3 elementor-section-boxed elementor-section-height-default elementor-section-height-default\" data-id=\"748fb1b3\" data-element_type=\"section\" data-e-type=\"section\">\n\t\t\t\t\t\t<div class=\"elementor-container elementor-column-gap-default\">\n\t\t\t\t\t<div class=\"elementor-column elementor-col-50 elementor-top-column elementor-element elementor-element-cf6561f\" data-id=\"cf6561f\" data-element_type=\"column\" data-e-type=\"column\">\n\t\t\t<div class=\"elementor-widget-wrap elementor-element-populated\">\n\t\t\t\t\t\t<div class=\"elementor-element elementor-element-125623b8 elementor-widget elementor-widget-heading\" data-id=\"125623b8\" data-element_type=\"widget\" data-e-type=\"widget\" data-settings=\"{&quot;ekit_we_effect_on&quot;:&quot;none&quot;}\" data-widget_type=\"heading.default\">\n\t\t\t\t<div class=\"elementor-widget-container\">\n\t\t\t\t\t<h2 class=\"elementor-heading-title elementor-size-default\">Follow\u00a0<span style=\"text-decoration: underline #034AA6\">Movin'On<\/span><br>\nAssociation<\/h2>\t\t\t\t<\/div>\n\t\t\t\t<\/div>\n\t\t\t\t\t<\/div>\n\t\t<\/div>\n\t\t\t\t<div class=\"elementor-column elementor-col-50 elementor-top-column elementor-element elementor-element-190c4c8b\" data-id=\"190c4c8b\" data-element_type=\"column\" data-e-type=\"column\">\n\t\t\t<div class=\"elementor-widget-wrap elementor-element-populated\">\n\t\t\t\t\t\t<div class=\"elementor-element elementor-element-6a83509d elementor-widget elementor-widget-text-editor\" data-id=\"6a83509d\" data-element_type=\"widget\" data-e-type=\"widget\" data-settings=\"{&quot;ekit_we_effect_on&quot;:&quot;none&quot;}\" data-widget_type=\"text-editor.default\">\n\t\t\t\t<div class=\"elementor-widget-container\">\n\t\t\t\t\t\t\t\t\t<p>Follow us on<\/p>\t\t\t\t\t\t\t\t<\/div>\n\t\t\t\t<\/div>\n\t\t\t\t<div class=\"elementor-element elementor-element-4221d3b2 e-grid-align-right e-grid-align-mobile-center elementor-widget__width-auto elementor-widget-mobile__width-inherit elementor-shape-rounded elementor-grid-0 elementor-widget elementor-widget-social-icons\" data-id=\"4221d3b2\" data-element_type=\"widget\" data-e-type=\"widget\" data-settings=\"{&quot;ekit_we_effect_on&quot;:&quot;none&quot;}\" data-widget_type=\"social-icons.default\">\n\t\t\t\t<div class=\"elementor-widget-container\">\n\t\t\t\t\t\t\t<div class=\"elementor-social-icons-wrapper elementor-grid\" role=\"list\">\n\t\t\t\t\t\t\t<span class=\"elementor-grid-item\" role=\"listitem\">\n\t\t\t\t\t<a class=\"elementor-icon elementor-social-icon elementor-social-icon-youtube elementor-repeater-item-ab8358d\" href=\"https:\/\/www.youtube.com\/@MovinOn\" target=\"_blank\">\n\t\t\t\t\t\t<span class=\"elementor-screen-only\">Youtube<\/span>\n\t\t\t\t\t\t<i aria-hidden=\"true\" class=\"fab fa-youtube\"><\/i>\t\t\t\t\t<\/a>\n\t\t\t\t<\/span>\n\t\t\t\t\t\t\t<span class=\"elementor-grid-item\" role=\"listitem\">\n\t\t\t\t\t<a class=\"elementor-icon elementor-social-icon elementor-social-icon-linkedin elementor-repeater-item-05fc2ba\" href=\"https:\/\/www.linkedin.com\/company\/movin-on-connect\/\" target=\"_blank\">\n\t\t\t\t\t\t<span class=\"elementor-screen-only\">Linkedin<\/span>\n\t\t\t\t\t\t<i aria-hidden=\"true\" class=\"fab fa-linkedin\"><\/i>\t\t\t\t\t<\/a>\n\t\t\t\t<\/span>\n\t\t\t\t\t<\/div>\n\t\t\t\t\t\t<\/div>\n\t\t\t\t<\/div>\n\t\t\t\t\t<\/div>\n\t\t<\/div>\n\t\t\t\t\t<\/div>\n\t\t<\/section>\n\t\t\t\t<section class=\"elementor-section elementor-top-section elementor-element elementor-element-4d59f3ad elementor-section-boxed elementor-section-height-default elementor-section-height-default\" data-id=\"4d59f3ad\" data-element_type=\"section\" data-e-type=\"section\">\n\t\t\t\t\t\t<div class=\"elementor-container elementor-column-gap-default\">\n\t\t\t\t\t<div class=\"elementor-column elementor-col-50 elementor-top-column elementor-element elementor-element-5fe3d7f4\" data-id=\"5fe3d7f4\" data-element_type=\"column\" data-e-type=\"column\">\n\t\t\t<div class=\"elementor-widget-wrap elementor-element-populated\">\n\t\t\t\t\t\t<div class=\"elementor-element elementor-element-58974c9f elementor-widget elementor-widget-text-editor\" data-id=\"58974c9f\" data-element_type=\"widget\" data-e-type=\"widget\" data-settings=\"{&quot;ekit_we_effect_on&quot;:&quot;none&quot;}\" data-widget_type=\"text-editor.default\">\n\t\t\t\t<div class=\"elementor-widget-container\">\n\t\t\t\t\t\t\t\t\t<p>We share with you the highlights of Movin'On and the best content to discover on our website and social networks.<br>You will also discover the topics, events, and initiatives led by our members and partners within the Communities of Interest.<\/p>\t\t\t\t\t\t\t\t<\/div>\n\t\t\t\t<\/div>\n\t\t\t\t<div class=\"elementor-element elementor-element-add1601 elementor-widget elementor-widget-heading\" data-id=\"add1601\" data-element_type=\"widget\" data-e-type=\"widget\" data-settings=\"{&quot;ekit_we_effect_on&quot;:&quot;none&quot;}\" data-widget_type=\"heading.default\">\n\t\t\t\t<div class=\"elementor-widget-container\">\n\t\t\t\t\t<h2 class=\"elementor-heading-title elementor-size-default\">Subscribe to the Movin'On newsletter<\/h2>\t\t\t\t<\/div>\n\t\t\t\t<\/div>\n\t\t\t\t\t<\/div>\n\t\t<\/div>\n\t\t\t\t<div class=\"elementor-column elementor-col-50 elementor-top-column elementor-element elementor-element-8b7102d elementor-hidden-tablet elementor-hidden-mobile\" data-id=\"8b7102d\" data-element_type=\"column\" data-e-type=\"column\">\n\t\t\t<div class=\"elementor-widget-wrap\">\n\t\t\t\t\t\t\t<\/div>\n\t\t<\/div>\n\t\t\t\t\t<\/div>\n\t\t<\/section>\n\t\t\t\t<section class=\"elementor-section elementor-top-section elementor-element elementor-element-37bd409 elementor-section-boxed elementor-section-height-default elementor-section-height-default\" data-id=\"37bd409\" data-element_type=\"section\" data-e-type=\"section\">\n\t\t\t\t\t\t<div class=\"elementor-container elementor-column-gap-default\">\n\t\t\t\t\t<div class=\"elementor-column elementor-col-50 elementor-top-column elementor-element elementor-element-a1495dd\" data-id=\"a1495dd\" data-element_type=\"column\" data-e-type=\"column\">\n\t\t\t<div class=\"elementor-widget-wrap elementor-element-populated\">\n\t\t\t\t<!-- dce invisible element 850ae22 -->\t\t<div class=\"elementor-element elementor-element-6b62269 elementor-widget__width-initial elementor-widget elementor-widget-html\" data-id=\"6b62269\" data-element_type=\"widget\" data-e-type=\"widget\" data-settings=\"{&quot;enabled_visibility&quot;:&quot;yes&quot;,&quot;ekit_we_effect_on&quot;:&quot;none&quot;,&quot;dce_visibility_selected&quot;:&quot;yes&quot;}\" data-widget_type=\"html.default\">\n\t\t\t\t<div class=\"elementor-widget-container\">\n\t\t\t\t\t<iframe data-w-type=\"embedded\" frameborder=\"0\" scrolling=\"no\" marginheight=\"0\" marginwidth=\"0\" src=\"https:\/\/xhzmz.mjt.lu\/wgt\/xhzmz\/rku\/form?c=1d62cc90\" width=\"100%\" style=\"height: 0;\"><\/iframe>\n\n<script type=\"text\/javascript\" src=\"https:\/\/app.mailjet.com\/pas-nc-embedded-v1.js\"><\/script>\n\t\t\t\t<\/div>\n\t\t\t\t<\/div>\n\t\t\t\t\t<\/div>\n\t\t<\/div>\n\t\t\t\t<div class=\"elementor-column elementor-col-50 elementor-top-column elementor-element elementor-element-053b6dd elementor-hidden-tablet elementor-hidden-mobile\" data-id=\"053b6dd\" data-element_type=\"column\" data-e-type=\"column\">\n\t\t\t<div class=\"elementor-widget-wrap\">\n\t\t\t\t\t\t\t<\/div>\n\t\t<\/div>\n\t\t\t\t\t<\/div>\n\t\t<\/section>\n\t\t\t\t<section class=\"elementor-section elementor-top-section elementor-element elementor-element-2f9dc49a elementor-section-boxed elementor-section-height-default elementor-section-height-default\" data-id=\"2f9dc49a\" data-element_type=\"section\" data-e-type=\"section\">\n\t\t\t\t\t\t<div class=\"elementor-container elementor-column-gap-default\">\n\t\t\t\t\t<div class=\"elementor-column elementor-col-100 elementor-top-column elementor-element elementor-element-6fb72f88\" data-id=\"6fb72f88\" data-element_type=\"column\" data-e-type=\"column\">\n\t\t\t<div class=\"elementor-widget-wrap elementor-element-populated\">\n\t\t\t\t\t\t<div class=\"elementor-element elementor-element-43fecc93 elementor-widget elementor-widget-spacer\" data-id=\"43fecc93\" data-element_type=\"widget\" data-e-type=\"widget\" data-settings=\"{&quot;ekit_we_effect_on&quot;:&quot;none&quot;}\" data-widget_type=\"spacer.default\">\n\t\t\t\t<div class=\"elementor-widget-container\">\n\t\t\t\t\t\t\t<div class=\"elementor-spacer\">\n\t\t\t<div class=\"elementor-spacer-inner\"><\/div>\n\t\t<\/div>\n\t\t\t\t\t\t<\/div>\n\t\t\t\t<\/div>\n\t\t\t\t\t<\/div>\n\t\t<\/div>\n\t\t\t\t\t<\/div>\n\t\t<\/section>\n\t\t\t\t<\/div>","protected":false},"excerpt":{"rendered":"<p>We share with you the highlights of Movin'On and the best content to discover on our website and social networks.<\/p>","protected":false},"author":1,"featured_media":3361,"parent":0,"menu_order":0,"comment_status":"closed","ping_status":"closed","template":"","meta":{"_acf_changed":false,"footnotes":""},"class_list":["post-1233","page","type-page","status-publish","has-post-thumbnail","hentry"],"acf":[],"yoast_head":"<!-- This site is optimized with the Yoast SEO Premium plugin v27.5 (Yoast SEO v27.5) - https:\/\/yoast.com\/product\/yoast-seo-premium-wordpress\/ -->\n<title>Newsletter - Movin&#039;On<\/title>\n<meta name=\"description\" content=\"Inscrivez-vous \u00e0 notre newsletter. Vous recevrez les derni\u00e8res actualit\u00e9s et tendances de la mobilit\u00e9 durable.\" \/>\n<meta name=\"robots\" content=\"index, follow, max-snippet:-1, max-image-preview:large, max-video-preview:-1\" \/>\n<link rel=\"canonical\" href=\"https:\/\/www.movinon.eu\/en\/newsletter\/\" \/>\n<meta property=\"og:locale\" content=\"en_GB\" \/>\n<meta property=\"og:type\" content=\"article\" \/>\n<meta property=\"og:title\" content=\"Newsletter - Movin&#039;On\" \/>\n<meta property=\"og:description\" content=\"Inscrivez-vous \u00e0 notre newsletter. Vous recevrez les derni\u00e8res actualit\u00e9s et tendances de la mobilit\u00e9 durable.\" \/>\n<meta property=\"og:url\" content=\"https:\/\/www.movinon.eu\/en\/newsletter\/\" \/>\n<meta property=\"og:site_name\" content=\"Movin&#039;On\" \/>\n<meta property=\"article:modified_time\" content=\"2025-12-15T09:41:43+00:00\" \/>\n<meta property=\"og:image\" content=\"https:\/\/www.movinon.eu\/wp-content\/uploads\/2023\/04\/MovinOn-newsletter.jpg\" \/>\n\t<meta property=\"og:image:width\" content=\"1920\" \/>\n\t<meta property=\"og:image:height\" content=\"1358\" \/>\n\t<meta property=\"og:image:type\" content=\"image\/jpeg\" \/>\n<meta name=\"twitter:card\" content=\"summary_large_image\" \/>\n<meta name=\"twitter:label1\" content=\"Estimated reading time\" \/>\n\t<meta name=\"twitter:data1\" content=\"1 minute\" \/>\n<script type=\"application\/ld+json\" class=\"yoast-schema-graph\">{\"@context\":\"https:\\\/\\\/schema.org\",\"@graph\":[{\"@type\":\"WebPage\",\"@id\":\"https:\\\/\\\/www.movinon.eu\\\/newsletter\\\/\",\"url\":\"https:\\\/\\\/www.movinon.eu\\\/newsletter\\\/\",\"name\":\"Newsletter - Movin&#039;On\",\"isPartOf\":{\"@id\":\"https:\\\/\\\/www.movinon.eu\\\/#website\"},\"primaryImageOfPage\":{\"@id\":\"https:\\\/\\\/www.movinon.eu\\\/newsletter\\\/#primaryimage\"},\"image\":{\"@id\":\"https:\\\/\\\/www.movinon.eu\\\/newsletter\\\/#primaryimage\"},\"thumbnailUrl\":\"https:\\\/\\\/www.movinon.eu\\\/wp-content\\\/uploads\\\/2023\\\/04\\\/MovinOn-newsletter.jpg\",\"datePublished\":\"2023-03-30T17:19:39+00:00\",\"dateModified\":\"2025-12-15T09:41:43+00:00\",\"description\":\"Inscrivez-vous \u00e0 notre newsletter. Vous recevrez les derni\u00e8res actualit\u00e9s et tendances de la mobilit\u00e9 durable.\",\"inLanguage\":\"en-GB\",\"potentialAction\":[{\"@type\":\"ReadAction\",\"target\":[\"https:\\\/\\\/www.movinon.eu\\\/newsletter\\\/\"]}]},{\"@type\":\"ImageObject\",\"inLanguage\":\"en-GB\",\"@id\":\"https:\\\/\\\/www.movinon.eu\\\/newsletter\\\/#primaryimage\",\"url\":\"https:\\\/\\\/www.movinon.eu\\\/wp-content\\\/uploads\\\/2023\\\/04\\\/MovinOn-newsletter.jpg\",\"contentUrl\":\"https:\\\/\\\/www.movinon.eu\\\/wp-content\\\/uploads\\\/2023\\\/04\\\/MovinOn-newsletter.jpg\",\"width\":1920,\"height\":1358,\"caption\":\"Movin'On newsletter\"},{\"@type\":\"WebSite\",\"@id\":\"https:\\\/\\\/www.movinon.eu\\\/#website\",\"url\":\"https:\\\/\\\/www.movinon.eu\\\/\",\"name\":\"Movin'On\",\"description\":\"From ambition to action\",\"publisher\":{\"@id\":\"https:\\\/\\\/www.movinon.eu\\\/#organization\"},\"potentialAction\":[{\"@type\":\"SearchAction\",\"target\":{\"@type\":\"EntryPoint\",\"urlTemplate\":\"https:\\\/\\\/www.movinon.eu\\\/?s={search_term_string}\"},\"query-input\":{\"@type\":\"PropertyValueSpecification\",\"valueRequired\":true,\"valueName\":\"search_term_string\"}}],\"inLanguage\":\"en-GB\"},{\"@type\":\"Organization\",\"@id\":\"https:\\\/\\\/www.movinon.eu\\\/#organization\",\"name\":\"Movin'On\",\"url\":\"https:\\\/\\\/www.movinon.eu\\\/\",\"logo\":{\"@type\":\"ImageObject\",\"inLanguage\":\"en-GB\",\"@id\":\"https:\\\/\\\/www.movinon.eu\\\/#\\\/schema\\\/logo\\\/image\\\/\",\"url\":\"https:\\\/\\\/www.movinon.eu\\\/wp-content\\\/uploads\\\/2023\\\/02\\\/logo-mo.svg\",\"contentUrl\":\"https:\\\/\\\/www.movinon.eu\\\/wp-content\\\/uploads\\\/2023\\\/02\\\/logo-mo.svg\",\"width\":186,\"height\":28,\"caption\":\"Movin'On\"},\"image\":{\"@id\":\"https:\\\/\\\/www.movinon.eu\\\/#\\\/schema\\\/logo\\\/image\\\/\"}}]}<\/script>\n<!-- \/ Yoast SEO Premium plugin. -->","yoast_head_json":{"title":"Newsletter - Movin&#039;On","description":"Inscrivez-vous \u00e0 notre newsletter. Vous recevrez les derni\u00e8res actualit\u00e9s et tendances de la mobilit\u00e9 durable.","robots":{"index":"index","follow":"follow","max-snippet":"max-snippet:-1","max-image-preview":"max-image-preview:large","max-video-preview":"max-video-preview:-1"},"canonical":"https:\/\/www.movinon.eu\/en\/newsletter\/","og_locale":"en_GB","og_type":"article","og_title":"Newsletter - Movin&#039;On","og_description":"Inscrivez-vous \u00e0 notre newsletter. Vous recevrez les derni\u00e8res actualit\u00e9s et tendances de la mobilit\u00e9 durable.","og_url":"https:\/\/www.movinon.eu\/en\/newsletter\/","og_site_name":"Movin&#039;On","article_modified_time":"2025-12-15T09:41:43+00:00","og_image":[{"width":1920,"height":1358,"url":"https:\/\/www.movinon.eu\/wp-content\/uploads\/2023\/04\/MovinOn-newsletter.jpg","type":"image\/jpeg"}],"twitter_card":"summary_large_image","twitter_misc":{"Estimated reading time":"1 minute"},"schema":{"@context":"https:\/\/schema.org","@graph":[{"@type":"WebPage","@id":"https:\/\/www.movinon.eu\/newsletter\/","url":"https:\/\/www.movinon.eu\/newsletter\/","name":"Newsletter - Movin&#039;On","isPartOf":{"@id":"https:\/\/www.movinon.eu\/#website"},"primaryImageOfPage":{"@id":"https:\/\/www.movinon.eu\/newsletter\/#primaryimage"},"image":{"@id":"https:\/\/www.movinon.eu\/newsletter\/#primaryimage"},"thumbnailUrl":"https:\/\/www.movinon.eu\/wp-content\/uploads\/2023\/04\/MovinOn-newsletter.jpg","datePublished":"2023-03-30T17:19:39+00:00","dateModified":"2025-12-15T09:41:43+00:00","description":"Inscrivez-vous \u00e0 notre newsletter. Vous recevrez les derni\u00e8res actualit\u00e9s et tendances de la mobilit\u00e9 durable.","inLanguage":"en-GB","potentialAction":[{"@type":"ReadAction","target":["https:\/\/www.movinon.eu\/newsletter\/"]}]},{"@type":"ImageObject","inLanguage":"en-GB","@id":"https:\/\/www.movinon.eu\/newsletter\/#primaryimage","url":"https:\/\/www.movinon.eu\/wp-content\/uploads\/2023\/04\/MovinOn-newsletter.jpg","contentUrl":"https:\/\/www.movinon.eu\/wp-content\/uploads\/2023\/04\/MovinOn-newsletter.jpg","width":1920,"height":1358,"caption":"Movin'On newsletter"},{"@type":"WebSite","@id":"https:\/\/www.movinon.eu\/#website","url":"https:\/\/www.movinon.eu\/","name":"Association","description":"From ambition to action","publisher":{"@id":"https:\/\/www.movinon.eu\/#organization"},"potentialAction":[{"@type":"SearchAction","target":{"@type":"EntryPoint","urlTemplate":"https:\/\/www.movinon.eu\/?s={search_term_string}"},"query-input":{"@type":"PropertyValueSpecification","valueRequired":true,"valueName":"search_term_string"}}],"inLanguage":"en-GB"},{"@type":"Organization","@id":"https:\/\/www.movinon.eu\/#organization","name":"Association","url":"https:\/\/www.movinon.eu\/","logo":{"@type":"ImageObject","inLanguage":"en-GB","@id":"https:\/\/www.movinon.eu\/#\/schema\/logo\/image\/","url":"https:\/\/www.movinon.eu\/wp-content\/uploads\/2023\/02\/logo-mo.svg","contentUrl":"https:\/\/www.movinon.eu\/wp-content\/uploads\/2023\/02\/logo-mo.svg","width":186,"height":28,"caption":"Movin'On"},"image":{"@id":"https:\/\/www.movinon.eu\/#\/schema\/logo\/image\/"}}]}},"_links":{"self":[{"href":"https:\/\/www.movinon.eu\/en\/wp-json\/wp\/v2\/pages\/1233","targetHints":{"allow":["GET"]}}],"collection":[{"href":"https:\/\/www.movinon.eu\/en\/wp-json\/wp\/v2\/pages"}],"about":[{"href":"https:\/\/www.movinon.eu\/en\/wp-json\/wp\/v2\/types\/page"}],"author":[{"embeddable":true,"href":"https:\/\/www.movinon.eu\/en\/wp-json\/wp\/v2\/users\/1"}],"replies":[{"embeddable":true,"href":"https:\/\/www.movinon.eu\/en\/wp-json\/wp\/v2\/comments?post=1233"}],"version-history":[{"count":0,"href":"https:\/\/www.movinon.eu\/en\/wp-json\/wp\/v2\/pages\/1233\/revisions"}],"wp:featuredmedia":[{"embeddable":true,"href":"https:\/\/www.movinon.eu\/en\/wp-json\/wp\/v2\/media\/3361"}],"wp:attachment":[{"href":"https:\/\/www.movinon.eu\/en\/wp-json\/wp\/v2\/media?parent=1233"}],"curies":[{"name":"wp","href":"https:\/\/api.w.org\/{rel}","templated":true}]}}