{"id":1184,"date":"2023-03-30T15:49:53","date_gmt":"2023-03-30T13:49:53","guid":{"rendered":"\/?page_id=1184"},"modified":"2025-11-04T16:20:06","modified_gmt":"2025-11-04T15:20:06","slug":"rejoignez-nous-movinon","status":"publish","type":"page","link":"https:\/\/www.movinon.eu\/en\/rejoignez-nous-movinon\/","title":{"rendered":"Join us"},"content":{"rendered":"\t\t<div data-elementor-type=\"wp-page\" data-elementor-id=\"1184\" class=\"elementor elementor-1184\" data-elementor-post-type=\"page\">\n\t\t\t\t\t\t<section class=\"elementor-section elementor-top-section elementor-element elementor-element-5bfda3a2 elementor-section-boxed elementor-section-height-default elementor-section-height-default\" data-id=\"5bfda3a2\" data-element_type=\"section\" data-e-type=\"section\">\n\t\t\t\t\t\t<div class=\"elementor-container elementor-column-gap-default\">\n\t\t\t\t\t<div class=\"elementor-column elementor-col-50 elementor-top-column elementor-element elementor-element-1636c234\" data-id=\"1636c234\" data-element_type=\"column\" data-e-type=\"column\">\n\t\t\t<div class=\"elementor-widget-wrap elementor-element-populated\">\n\t\t\t\t\t\t<div class=\"elementor-element elementor-element-47318904 elementor-widget elementor-widget-heading\" data-id=\"47318904\" data-element_type=\"widget\" data-e-type=\"widget\" data-settings=\"{&quot;ekit_we_effect_on&quot;:&quot;none&quot;}\" data-widget_type=\"heading.default\">\n\t\t\t\t<div class=\"elementor-widget-container\">\n\t\t\t\t\t<h2 class=\"elementor-heading-title elementor-size-default\">Acc\u00e9l\u00e9rons le d\u00e9ploiement de <span style=\"text-decoration: underline #034AA6\">solutions de mobilit\u00e9 durable<\/span><\/h2>\t\t\t\t<\/div>\n\t\t\t\t<\/div>\n\t\t\t\t\t<\/div>\n\t\t<\/div>\n\t\t\t\t<div class=\"elementor-column elementor-col-50 elementor-top-column elementor-element elementor-element-79931bfb\" data-id=\"79931bfb\" data-element_type=\"column\" data-e-type=\"column\">\n\t\t\t<div class=\"elementor-widget-wrap elementor-element-populated\">\n\t\t\t\t\t\t<div class=\"elementor-element elementor-element-12caaf51 elementor-widget elementor-widget-text-editor\" data-id=\"12caaf51\" data-element_type=\"widget\" data-e-type=\"widget\" data-settings=\"{&quot;ekit_we_effect_on&quot;:&quot;none&quot;}\" data-widget_type=\"text-editor.default\">\n\t\t\t\t<div class=\"elementor-widget-container\">\n\t\t\t\t\t\t\t\t\t<p>Suivez aussi notre actualit\u00e9 sur<\/p>\t\t\t\t\t\t\t\t<\/div>\n\t\t\t\t<\/div>\n\t\t\t\t<div class=\"elementor-element elementor-element-638a45c2 e-grid-align-right e-grid-align-mobile-center elementor-widget__width-auto elementor-widget-mobile__width-inherit elementor-shape-rounded elementor-grid-0 elementor-widget elementor-widget-social-icons\" data-id=\"638a45c2\" data-element_type=\"widget\" data-e-type=\"widget\" data-settings=\"{&quot;ekit_we_effect_on&quot;:&quot;none&quot;}\" data-widget_type=\"social-icons.default\">\n\t\t\t\t<div class=\"elementor-widget-container\">\n\t\t\t\t\t\t\t<div class=\"elementor-social-icons-wrapper elementor-grid\" role=\"list\">\n\t\t\t\t\t\t\t<span class=\"elementor-grid-item\" role=\"listitem\">\n\t\t\t\t\t<a class=\"elementor-icon elementor-social-icon elementor-social-icon-youtube elementor-repeater-item-ab8358d\" href=\"https:\/\/www.youtube.com\/@MovinOn\" target=\"_blank\">\n\t\t\t\t\t\t<span class=\"elementor-screen-only\">Youtube<\/span>\n\t\t\t\t\t\t<i aria-hidden=\"true\" class=\"fab fa-youtube\"><\/i>\t\t\t\t\t<\/a>\n\t\t\t\t<\/span>\n\t\t\t\t\t\t\t<span class=\"elementor-grid-item\" role=\"listitem\">\n\t\t\t\t\t<a class=\"elementor-icon elementor-social-icon elementor-social-icon-linkedin elementor-repeater-item-05fc2ba\" href=\"https:\/\/www.linkedin.com\/company\/movin-on-connect\/\" target=\"_blank\">\n\t\t\t\t\t\t<span class=\"elementor-screen-only\">Linkedin<\/span>\n\t\t\t\t\t\t<i aria-hidden=\"true\" class=\"fab fa-linkedin\"><\/i>\t\t\t\t\t<\/a>\n\t\t\t\t<\/span>\n\t\t\t\t\t<\/div>\n\t\t\t\t\t\t<\/div>\n\t\t\t\t<\/div>\n\t\t\t\t\t<\/div>\n\t\t<\/div>\n\t\t\t\t\t<\/div>\n\t\t<\/section>\n\t\t\t\t<section class=\"elementor-section elementor-top-section elementor-element elementor-element-14ef50a5 elementor-section-boxed elementor-section-height-default elementor-section-height-default\" data-id=\"14ef50a5\" data-element_type=\"section\" data-e-type=\"section\">\n\t\t\t\t\t\t<div class=\"elementor-container elementor-column-gap-default\">\n\t\t\t\t\t<div class=\"elementor-column elementor-col-50 elementor-top-column elementor-element elementor-element-3f4692f6\" data-id=\"3f4692f6\" data-element_type=\"column\" data-e-type=\"column\">\n\t\t\t<div class=\"elementor-widget-wrap elementor-element-populated\">\n\t\t\t\t\t\t<div class=\"elementor-element elementor-element-381a6a58 elementor-widget elementor-widget-text-editor\" data-id=\"381a6a58\" data-element_type=\"widget\" data-e-type=\"widget\" data-settings=\"{&quot;ekit_we_effect_on&quot;:&quot;none&quot;}\" data-widget_type=\"text-editor.default\">\n\t\t\t\t<div class=\"elementor-widget-container\">\n\t\t\t\t\t\t\t\t\t<p>Rejoignez Movin&#8217;On, l&#8217;\u00e9cosyst\u00e8me international\u00a0\u00e0 but non lucratif dirig\u00e9 par des entreprises engag\u00e9es en faveur de la mobilit\u00e9 durable pour le bien de la soci\u00e9t\u00e9.<\/p>\t\t\t\t\t\t\t\t<\/div>\n\t\t\t\t<\/div>\n\t\t\t\t<div class=\"elementor-element elementor-element-65621b2c elementor-widget elementor-widget-heading\" data-id=\"65621b2c\" data-element_type=\"widget\" data-e-type=\"widget\" data-settings=\"{&quot;ekit_we_effect_on&quot;:&quot;none&quot;}\" data-widget_type=\"heading.default\">\n\t\t\t\t<div class=\"elementor-widget-container\">\n\t\t\t\t\t<h2 class=\"elementor-heading-title elementor-size-default\">Devenez m\u00e9c\u00e8ne de Movin\u2019On<\/h2>\t\t\t\t<\/div>\n\t\t\t\t<\/div>\n\t\t\t\t\t<\/div>\n\t\t<\/div>\n\t\t\t\t<div class=\"elementor-column elementor-col-50 elementor-top-column elementor-element elementor-element-204c1dcf elementor-hidden-tablet elementor-hidden-mobile\" data-id=\"204c1dcf\" data-element_type=\"column\" data-e-type=\"column\">\n\t\t\t<div class=\"elementor-widget-wrap\">\n\t\t\t\t\t\t\t<\/div>\n\t\t<\/div>\n\t\t\t\t\t<\/div>\n\t\t<\/section>\n\t\t\t\t<section class=\"elementor-section elementor-top-section elementor-element elementor-element-653df64c elementor-section-boxed elementor-section-height-default elementor-section-height-default\" data-id=\"653df64c\" data-element_type=\"section\" data-e-type=\"section\">\n\t\t\t\t\t\t<div class=\"elementor-container elementor-column-gap-default\">\n\t\t\t\t\t<div class=\"elementor-column elementor-col-50 elementor-top-column elementor-element elementor-element-60b41aca\" data-id=\"60b41aca\" data-element_type=\"column\" data-e-type=\"column\">\n\t\t\t<div class=\"elementor-widget-wrap elementor-element-populated\">\n\t\t\t\t\t\t<div class=\"elementor-element elementor-element-117a248d elementor-button-align-stretch elementor-widget elementor-widget-form\" data-id=\"117a248d\" data-element_type=\"widget\" data-e-type=\"widget\" data-settings=\"{&quot;button_width&quot;:&quot;30&quot;,&quot;step_next_label&quot;:&quot;Next&quot;,&quot;step_previous_label&quot;:&quot;Previous&quot;,&quot;step_type&quot;:&quot;number_text&quot;,&quot;step_icon_shape&quot;:&quot;circle&quot;,&quot;ekit_we_effect_on&quot;:&quot;none&quot;}\" data-widget_type=\"form.default\">\n\t\t\t\t<div class=\"elementor-widget-container\">\n\t\t\t\t\t\t\t<form class=\"elementor-form\" method=\"post\" name=\"Join Us\" aria-label=\"Join Us\">\n\t\t\t<input type=\"hidden\" name=\"post_id\" value=\"1184\"\/>\n\t\t\t<input type=\"hidden\" name=\"form_id\" value=\"117a248d\"\/>\n\t\t\t<input type=\"hidden\" name=\"referer_title\" value=\"Rejoignez-nous - Movin&#039;On\" \/>\n\n\t\t\t\t\t\t\t<input type=\"hidden\" name=\"queried_id\" value=\"1184\"\/>\n\t\t\t\n\t\t\t<div class=\"elementor-form-fields-wrapper elementor-labels-above\">\n\t\t\t\t\t\t\t\t<div class=\"elementor-field-type-text elementor-field-group elementor-column elementor-field-group-name elementor-col-50 elementor-field-required\">\n\t\t\t\t\t\t\t\t\t\t\t\t<label for=\"form-field-name\" class=\"elementor-field-label\">\n\t\t\t\t\t\t\t\tNom\t\t\t\t\t\t\t<\/label>\n\t\t\t\t\t\t\t\t\t\t\t\t\t\t<input size=\"1\" type=\"text\" name=\"form_fields[name]\" id=\"form-field-name\" class=\"elementor-field elementor-size-sm  elementor-field-textual\" placeholder=\"Nom\" required=\"required\">\n\t\t\t\t\t\t\t\t\t\t\t<\/div>\n\t\t\t\t\t\t\t\t<div class=\"elementor-field-type-text elementor-field-group elementor-column elementor-field-group-field_87ec988 elementor-col-50\">\n\t\t\t\t\t\t\t\t\t\t\t\t<label for=\"form-field-field_87ec988\" class=\"elementor-field-label\">\n\t\t\t\t\t\t\t\tPr\u00e9nom\t\t\t\t\t\t\t<\/label>\n\t\t\t\t\t\t\t\t\t\t\t\t\t\t<input size=\"1\" type=\"text\" name=\"form_fields[field_87ec988]\" id=\"form-field-field_87ec988\" class=\"elementor-field elementor-size-sm  elementor-field-textual\" placeholder=\"Pr\u00e9nom\">\n\t\t\t\t\t\t\t\t\t\t\t<\/div>\n\t\t\t\t\t\t\t\t<div class=\"elementor-field-type-email elementor-field-group elementor-column elementor-field-group-email elementor-col-50 elementor-field-required\">\n\t\t\t\t\t\t\t\t\t\t\t\t<label for=\"form-field-email\" class=\"elementor-field-label\">\n\t\t\t\t\t\t\t\tEmail\t\t\t\t\t\t\t<\/label>\n\t\t\t\t\t\t\t\t\t\t\t\t\t\t<input size=\"1\" type=\"email\" name=\"form_fields[email]\" id=\"form-field-email\" class=\"elementor-field elementor-size-sm  elementor-field-textual\" placeholder=\"Email\" required=\"required\">\n\t\t\t\t\t\t\t\t\t\t\t<\/div>\n\t\t\t\t\t\t\t\t<div class=\"elementor-field-type-select elementor-field-group elementor-column elementor-field-group-field_eb1fd66 elementor-col-50 elementor-field-required\">\n\t\t\t\t\t\t\t\t\t\t\t\t<label for=\"form-field-field_eb1fd66\" class=\"elementor-field-label\">\n\t\t\t\t\t\t\t\tOrganisation\t\t\t\t\t\t\t<\/label>\n\t\t\t\t\t\t\t\t<div class=\"elementor-field elementor-select-wrapper remove-before \">\n\t\t\t<div class=\"select-caret-down-wrapper\">\n\t\t\t\t<i aria-hidden=\"true\" class=\"eicon-caret-down\"><\/i>\t\t\t<\/div>\n\t\t\t<select name=\"form_fields[field_eb1fd66]\" id=\"form-field-field_eb1fd66\" class=\"elementor-field-textual elementor-size-sm\" required=\"required\">\n\t\t\t\t\t\t\t\t\t<option value=\"S\u00e9lectionnez votre organisation\">S\u00e9lectionnez votre organisation<\/option>\n\t\t\t\t\t\t\t\t\t<option value=\"Association\">Association<\/option>\n\t\t\t\t\t\t\t\t\t<option value=\"Entreprise \">Entreprise <\/option>\n\t\t\t\t\t\t\t\t\t<option value=\"Universit\u00e9 \">Universit\u00e9 <\/option>\n\t\t\t\t\t\t\t\t\t<option value=\"Organisation internationale\">Organisation internationale<\/option>\n\t\t\t\t\t\t\t\t\t<option value=\"Secteur public \">Secteur public <\/option>\n\t\t\t\t\t\t\t\t\t<option value=\"Startup\">Startup<\/option>\n\t\t\t\t\t\t\t\t\t<option value=\"Autre\">Autre<\/option>\n\t\t\t\t\t\t\t<\/select>\n\t\t<\/div>\n\t\t\t\t\t\t<\/div>\n\t\t\t\t\t\t\t\t<div class=\"elementor-field-type-textarea elementor-field-group elementor-column elementor-field-group-message elementor-col-100\">\n\t\t\t\t\t\t\t\t\t\t\t\t<label for=\"form-field-message\" class=\"elementor-field-label\">\n\t\t\t\t\t\t\t\tMessage\t\t\t\t\t\t\t<\/label>\n\t\t\t\t\t\t<textarea class=\"elementor-field-textual elementor-field  elementor-size-sm\" name=\"form_fields[message]\" id=\"form-field-message\" rows=\"4\" placeholder=\"Message\"><\/textarea>\t\t\t\t<\/div>\n\t\t\t\t\t\t\t\t<div class=\"elementor-field-type-recaptcha_v3 elementor-field-group elementor-column elementor-field-group-field_917ff91 elementor-col-100 recaptcha_v3-bottomright\">\n\t\t\t\t\t<div class=\"elementor-field\" id=\"form-field-field_917ff91\"><div class=\"elementor-g-recaptcha\" data-sitekey=\"6LeYuz0nAAAAAOP6cdSQKy9gt2-0HlxsRn3NstiZ\" data-type=\"v3\" data-action=\"Form\" data-badge=\"bottomright\" data-size=\"invisible\"><\/div><\/div>\t\t\t\t<\/div>\n\t\t\t\t\t\t\t\t<div class=\"elementor-field-group elementor-column elementor-field-type-submit elementor-col-30 e-form__buttons\">\n\t\t\t\t\t<button class=\"elementor-button elementor-size-sm\" type=\"submit\">\n\t\t\t\t\t\t<span class=\"elementor-button-content-wrapper\">\n\t\t\t\t\t\t\t\t\t\t\t\t\t\t\t\t\t\t\t\t\t\t<span class=\"elementor-button-text\">Rejoignez-nous<\/span>\n\t\t\t\t\t\t\t\t\t\t\t\t\t<\/span>\n\t\t\t\t\t<\/button>\n\t\t\t\t<\/div>\n\t\t\t<\/div>\n\t\t<\/form>\n\t\t\t\t\t\t<\/div>\n\t\t\t\t<\/div>\n\t\t\t\t\t<\/div>\n\t\t<\/div>\n\t\t\t\t<div class=\"elementor-column elementor-col-50 elementor-top-column elementor-element elementor-element-3b3c8f0d elementor-hidden-tablet elementor-hidden-mobile\" data-id=\"3b3c8f0d\" data-element_type=\"column\" data-e-type=\"column\">\n\t\t\t<div class=\"elementor-widget-wrap\">\n\t\t\t\t\t\t\t<\/div>\n\t\t<\/div>\n\t\t\t\t\t<\/div>\n\t\t<\/section>\n\t\t\t\t<section class=\"elementor-section elementor-top-section elementor-element elementor-element-402e8232 elementor-section-boxed elementor-section-height-default elementor-section-height-default\" data-id=\"402e8232\" data-element_type=\"section\" data-e-type=\"section\">\n\t\t\t\t\t\t<div class=\"elementor-container elementor-column-gap-default\">\n\t\t\t\t\t<div class=\"elementor-column elementor-col-100 elementor-top-column elementor-element elementor-element-28c96627\" data-id=\"28c96627\" data-element_type=\"column\" data-e-type=\"column\">\n\t\t\t<div class=\"elementor-widget-wrap elementor-element-populated\">\n\t\t\t\t\t\t<div class=\"elementor-element elementor-element-15a882cf elementor-widget elementor-widget-spacer\" data-id=\"15a882cf\" data-element_type=\"widget\" data-e-type=\"widget\" data-settings=\"{&quot;ekit_we_effect_on&quot;:&quot;none&quot;}\" data-widget_type=\"spacer.default\">\n\t\t\t\t<div class=\"elementor-widget-container\">\n\t\t\t\t\t\t\t<div class=\"elementor-spacer\">\n\t\t\t<div class=\"elementor-spacer-inner\"><\/div>\n\t\t<\/div>\n\t\t\t\t\t\t<\/div>\n\t\t\t\t<\/div>\n\t\t\t\t\t<\/div>\n\t\t<\/div>\n\t\t\t\t\t<\/div>\n\t\t<\/section>\n\t\t\t\t<\/div>\n\t\t","protected":false},"excerpt":{"rendered":"<p>Acc\u00e9l\u00e9rons le d\u00e9ploiement de solutions de mobilit\u00e9 durable Suivez aussi notre actualit\u00e9 sur Youtube Linkedin Rejoignez Movin&#8217;On, l&#8217;\u00e9cosyst\u00e8me international\u00a0\u00e0 but non lucratif dirig\u00e9 par des entreprises engag\u00e9es en faveur de la mobilit\u00e9 durable pour le bien de la soci\u00e9t\u00e9. Devenez m\u00e9c\u00e8ne de Movin\u2019On<\/p>","protected":false},"author":1,"featured_media":0,"parent":0,"menu_order":0,"comment_status":"closed","ping_status":"closed","template":"","meta":{"_acf_changed":false,"footnotes":""},"class_list":["post-1184","page","type-page","status-publish","hentry"],"acf":[],"yoast_head":"<!-- This site is optimized with the Yoast SEO Premium plugin v27.5 (Yoast SEO v27.5) - https:\/\/yoast.com\/product\/yoast-seo-premium-wordpress\/ -->\n<title>Rejoignez-nous - Movin&#039;On<\/title>\n<meta name=\"description\" content=\"Rejoignez-nous : le premier \u00e9cosyst\u00e8me mondial d\u2019anticipation strat\u00e9gique et de co-innovation en faveur de la mobilit\u00e9 durable.\" \/>\n<meta name=\"robots\" content=\"index, follow, max-snippet:-1, max-image-preview:large, max-video-preview:-1\" \/>\n<link rel=\"canonical\" href=\"https:\/\/www.movinon.eu\/en\/rejoignez-nous-movinon\/\" \/>\n<meta property=\"og:locale\" content=\"en_GB\" \/>\n<meta property=\"og:type\" content=\"article\" \/>\n<meta property=\"og:title\" content=\"Rejoignez-nous - Movin&#039;On\" \/>\n<meta property=\"og:description\" content=\"Rejoignez-nous : le premier \u00e9cosyst\u00e8me mondial d\u2019anticipation strat\u00e9gique et de co-innovation en faveur de la mobilit\u00e9 durable.\" \/>\n<meta property=\"og:url\" content=\"https:\/\/www.movinon.eu\/en\/rejoignez-nous-movinon\/\" \/>\n<meta property=\"og:site_name\" content=\"Movin&#039;On\" \/>\n<meta property=\"article:modified_time\" content=\"2025-11-04T15:20:06+00:00\" \/>\n<meta name=\"twitter:card\" content=\"summary_large_image\" \/>\n<meta name=\"twitter:label1\" content=\"Estimated reading time\" \/>\n\t<meta name=\"twitter:data1\" content=\"1 minute\" \/>\n<script type=\"application\/ld+json\" class=\"yoast-schema-graph\">{\"@context\":\"https:\\\/\\\/schema.org\",\"@graph\":[{\"@type\":\"WebPage\",\"@id\":\"https:\\\/\\\/www.movinon.eu\\\/rejoignez-nous-movinon\\\/\",\"url\":\"https:\\\/\\\/www.movinon.eu\\\/rejoignez-nous-movinon\\\/\",\"name\":\"Rejoignez-nous - Movin&#039;On\",\"isPartOf\":{\"@id\":\"https:\\\/\\\/www.movinon.eu\\\/#website\"},\"datePublished\":\"2023-03-30T13:49:53+00:00\",\"dateModified\":\"2025-11-04T15:20:06+00:00\",\"description\":\"Rejoignez-nous : le premier \u00e9cosyst\u00e8me mondial d\u2019anticipation strat\u00e9gique et de co-innovation en faveur de la mobilit\u00e9 durable.\",\"inLanguage\":\"en-GB\",\"potentialAction\":[{\"@type\":\"ReadAction\",\"target\":[\"https:\\\/\\\/www.movinon.eu\\\/rejoignez-nous-movinon\\\/\"]}]},{\"@type\":\"WebSite\",\"@id\":\"https:\\\/\\\/www.movinon.eu\\\/#website\",\"url\":\"https:\\\/\\\/www.movinon.eu\\\/\",\"name\":\"Movin'On\",\"description\":\"From ambition to action\",\"publisher\":{\"@id\":\"https:\\\/\\\/www.movinon.eu\\\/#organization\"},\"potentialAction\":[{\"@type\":\"SearchAction\",\"target\":{\"@type\":\"EntryPoint\",\"urlTemplate\":\"https:\\\/\\\/www.movinon.eu\\\/?s={search_term_string}\"},\"query-input\":{\"@type\":\"PropertyValueSpecification\",\"valueRequired\":true,\"valueName\":\"search_term_string\"}}],\"inLanguage\":\"en-GB\"},{\"@type\":\"Organization\",\"@id\":\"https:\\\/\\\/www.movinon.eu\\\/#organization\",\"name\":\"Movin'On\",\"url\":\"https:\\\/\\\/www.movinon.eu\\\/\",\"logo\":{\"@type\":\"ImageObject\",\"inLanguage\":\"en-GB\",\"@id\":\"https:\\\/\\\/www.movinon.eu\\\/#\\\/schema\\\/logo\\\/image\\\/\",\"url\":\"https:\\\/\\\/www.movinon.eu\\\/wp-content\\\/uploads\\\/2023\\\/02\\\/logo-mo.svg\",\"contentUrl\":\"https:\\\/\\\/www.movinon.eu\\\/wp-content\\\/uploads\\\/2023\\\/02\\\/logo-mo.svg\",\"width\":186,\"height\":28,\"caption\":\"Movin'On\"},\"image\":{\"@id\":\"https:\\\/\\\/www.movinon.eu\\\/#\\\/schema\\\/logo\\\/image\\\/\"}}]}<\/script>\n<!-- \/ Yoast SEO Premium plugin. -->","yoast_head_json":{"title":"Rejoignez-nous - Movin&#039;On","description":"Rejoignez-nous : le premier \u00e9cosyst\u00e8me mondial d\u2019anticipation strat\u00e9gique et de co-innovation en faveur de la mobilit\u00e9 durable.","robots":{"index":"index","follow":"follow","max-snippet":"max-snippet:-1","max-image-preview":"max-image-preview:large","max-video-preview":"max-video-preview:-1"},"canonical":"https:\/\/www.movinon.eu\/en\/rejoignez-nous-movinon\/","og_locale":"en_GB","og_type":"article","og_title":"Rejoignez-nous - Movin&#039;On","og_description":"Rejoignez-nous : le premier \u00e9cosyst\u00e8me mondial d\u2019anticipation strat\u00e9gique et de co-innovation en faveur de la mobilit\u00e9 durable.","og_url":"https:\/\/www.movinon.eu\/en\/rejoignez-nous-movinon\/","og_site_name":"Movin&#039;On","article_modified_time":"2025-11-04T15:20:06+00:00","twitter_card":"summary_large_image","twitter_misc":{"Estimated reading time":"1 minute"},"schema":{"@context":"https:\/\/schema.org","@graph":[{"@type":"WebPage","@id":"https:\/\/www.movinon.eu\/rejoignez-nous-movinon\/","url":"https:\/\/www.movinon.eu\/rejoignez-nous-movinon\/","name":"Rejoignez-nous - Movin&#039;On","isPartOf":{"@id":"https:\/\/www.movinon.eu\/#website"},"datePublished":"2023-03-30T13:49:53+00:00","dateModified":"2025-11-04T15:20:06+00:00","description":"Rejoignez-nous : le premier \u00e9cosyst\u00e8me mondial d\u2019anticipation strat\u00e9gique et de co-innovation en faveur de la mobilit\u00e9 durable.","inLanguage":"en-GB","potentialAction":[{"@type":"ReadAction","target":["https:\/\/www.movinon.eu\/rejoignez-nous-movinon\/"]}]},{"@type":"WebSite","@id":"https:\/\/www.movinon.eu\/#website","url":"https:\/\/www.movinon.eu\/","name":"Association","description":"From ambition to action","publisher":{"@id":"https:\/\/www.movinon.eu\/#organization"},"potentialAction":[{"@type":"SearchAction","target":{"@type":"EntryPoint","urlTemplate":"https:\/\/www.movinon.eu\/?s={search_term_string}"},"query-input":{"@type":"PropertyValueSpecification","valueRequired":true,"valueName":"search_term_string"}}],"inLanguage":"en-GB"},{"@type":"Organization","@id":"https:\/\/www.movinon.eu\/#organization","name":"Association","url":"https:\/\/www.movinon.eu\/","logo":{"@type":"ImageObject","inLanguage":"en-GB","@id":"https:\/\/www.movinon.eu\/#\/schema\/logo\/image\/","url":"https:\/\/www.movinon.eu\/wp-content\/uploads\/2023\/02\/logo-mo.svg","contentUrl":"https:\/\/www.movinon.eu\/wp-content\/uploads\/2023\/02\/logo-mo.svg","width":186,"height":28,"caption":"Movin'On"},"image":{"@id":"https:\/\/www.movinon.eu\/#\/schema\/logo\/image\/"}}]}},"_links":{"self":[{"href":"https:\/\/www.movinon.eu\/en\/wp-json\/wp\/v2\/pages\/1184","targetHints":{"allow":["GET"]}}],"collection":[{"href":"https:\/\/www.movinon.eu\/en\/wp-json\/wp\/v2\/pages"}],"about":[{"href":"https:\/\/www.movinon.eu\/en\/wp-json\/wp\/v2\/types\/page"}],"author":[{"embeddable":true,"href":"https:\/\/www.movinon.eu\/en\/wp-json\/wp\/v2\/users\/1"}],"replies":[{"embeddable":true,"href":"https:\/\/www.movinon.eu\/en\/wp-json\/wp\/v2\/comments?post=1184"}],"version-history":[{"count":0,"href":"https:\/\/www.movinon.eu\/en\/wp-json\/wp\/v2\/pages\/1184\/revisions"}],"wp:attachment":[{"href":"https:\/\/www.movinon.eu\/en\/wp-json\/wp\/v2\/media?parent=1184"}],"curies":[{"name":"wp","href":"https:\/\/api.w.org\/{rel}","templated":true}]}}